{"id":2399,"date":"2024-12-02T08:41:36","date_gmt":"2024-12-02T08:41:36","guid":{"rendered":"https:\/\/lelephant.pt\/showroom\/"},"modified":"2025-03-11T15:39:57","modified_gmt":"2025-03-11T15:39:57","slug":"showroom","status":"publish","type":"page","link":"https:\/\/lelephant.pt\/fr\/showroom\/","title":{"rendered":"Showroom"},"content":{"rendered":"<p>[vc_row][vc_column][vc_column_text]<div class=\"showroom-grid\"><div class=\"showroom-item\" data-count=\"1\"><div class=\"image-wrapper\"><img decoding=\"async\" src=\"https:\/\/lelephant.pt\/wp-content\/uploads\/2025\/01\/AA5A4157-Aprimorado-NR-scaled.jpg\" alt=\"Show7\" class=\"image-default image-default-unica\" \/><\/div><p class=\"tipo\"><\/p><div class=\"description\"><p class=\"p1\">Les colonnes romaines en bois apportent personnalit\u00e9, texture et une touche historique \u00e0 tout salon. Qu&rsquo;elles encadrent un espace ou qu&rsquo;elles servent de pi\u00e8ce ma\u00eetresse, elles ajoutent du caract\u00e8re aux int\u00e9rieurs, faisant le lien entre pass\u00e9 et pr\u00e9sent.<\/p>\n<\/div><\/div><div class=\"showroom-item\" data-count=\"2\"><div class=\"image-wrapper\"><img decoding=\"async\" src=\"https:\/\/lelephant.pt\/wp-content\/uploads\/2024\/12\/AA5A4164-scaled.jpg\" alt=\"Show1\" class=\"image-default image-default-unica\" \/><\/div><p class=\"tipo\"><\/p><div class=\"description\"><p class=\"p1\">Les affiches vintage insufflent une touche de nostalgie \u00e0 tout espace. Parfois, elles occupent le devant de la sc\u00e8ne, tandis que d&rsquo;autres fois, elles s&rsquo;int\u00e8grent dans une galerie visuelle soigneusement s\u00e9lectionn\u00e9e. Dans les deux cas, elles enrichissent les int\u00e9rieurs par leur profondeur et leur expression artistique.<\/p>\n<\/div><\/div><div class=\"showroom-item\" data-count=\"3\"><div class=\"image-wrapper\"><img decoding=\"async\" src=\"https:\/\/lelephant.pt\/wp-content\/uploads\/2024\/12\/AA5A4907-scaled.jpg\" alt=\"Show 2\" class=\"image-default image-default-unica\" \/><\/div><p class=\"tipo\"><\/p><div class=\"description\"><p class=\"p1\">Les \u00ab\u00a0Cabe\u00e7udos\u00a0\u00bb sont une expression marquante de la culture populaire portugaise. Ces figures anthropomorphiques se distinguent par leurs grandes dimensions, traditionnellement fa\u00e7onn\u00e9es en papier m\u00e2ch\u00e9 et utilis\u00e9es comme masques. Les \u00ab\u00a0Cabe\u00e7udos\u00a0\u00bb sont produits dans les ateliers du GAF \u2013 Gabinete de Atendimento \u00e0 Fam\u00edlia, une organisation d\u00e9di\u00e9e au soutien des individus et des familles en situation de vuln\u00e9rabilit\u00e9.<\/p>\n<\/div><\/div><div class=\"showroom-item\" data-count=\"4\"><div class=\"image-wrapper\"><img decoding=\"async\" src=\"https:\/\/lelephant.pt\/wp-content\/uploads\/2024\/12\/AA5A4353-scaled.jpg\" alt=\"Show 4\" class=\"image-default image-default-unica\" \/><\/div><p class=\"tipo\"><\/p><div class=\"description\"><p class=\"p1\">Chaque pi\u00e8ce de marbre se fa\u00e7onne au fil de milliers d\u2019ann\u00e9es. Dans les espaces que nous cr\u00e9ons, nous r\u00e9imaginons ces chefs-d&rsquo;\u0153uvre naturels, en honorant leur histoire tout en leur donnant une nouvelle vie. Cette table basse en marbre a \u00e9t\u00e9 sp\u00e9cialement con\u00e7ue pour ce projet r\u00e9sidentiel.<\/p>\n<\/div><\/div><div class=\"showroom-item half-width\" data-count=\"5\"><div class=\"image-wrapper\"><img decoding=\"async\" src=\"https:\/\/lelephant.pt\/wp-content\/uploads\/2024\/07\/lelephant-lapa-project-lisbon12-1-scaled.jpg\" alt=\"Show 5\" class=\"image-default image-default-unica\" \/><\/div><p class=\"tipo\"><\/p><div class=\"description\"><p class=\"p1\">Chaque tissu raconte une histoire, et chez L\u2019\u00c9l\u00e9phant, nous nous effor\u00e7ons d\u2019int\u00e9grer ces r\u00e9cits dans chacune de nos cr\u00e9ations. Les coussins du salon, r\u00e9alis\u00e9s avec des tissus soigneusement s\u00e9lectionn\u00e9s, sont bien plus que de simples objets d\u00e9coratifs : ils allient texture, couleur et histoire.<\/p>\n<\/div><\/div><div class=\"showroom-item\" data-count=\"6\"><div class=\"image-wrapper\"><img decoding=\"async\" src=\"https:\/\/lelephant.pt\/wp-content\/uploads\/2024\/07\/lelephant-lapa-project-lisbon5-scaled.jpg\" alt=\"Show6\" class=\"image-default image-default-unica\" \/><\/div><p class=\"tipo\"><\/p><div class=\"description\"><p class=\"p1\">Le papier peint <i>Safari Dance<\/i> de Cole&amp;Son met en sc\u00e8ne un trio d\u2019\u00e9l\u00e9phants dansant sur les plaines africaines. Ces \u00e9l\u00e9phants sont inspir\u00e9s d\u2019une s\u00e9rie de grandes amphores peintes par l\u2019artiste sud-africaine Zinhle Nene, qui occupent une place de choix au mus\u00e9e Ardmore.<\/p>\n<\/div><\/div><div class=\"showroom-item\" data-count=\"7\"><div class=\"image-wrapper\"><img decoding=\"async\" src=\"https:\/\/lelephant.pt\/wp-content\/uploads\/2024\/02\/lelephant-projetos-travassos-115-2.jpg\" alt=\"Show 3\" class=\"image-default image-default-unica\" \/><\/div><p class=\"tipo\"><\/p><div class=\"description\"><p class=\"p1\">Nous aimons transformer les kimonos traditionnels en \u0153uvres d\u2019art, donnant ainsi le ton d\u2019un mur gr\u00e2ce \u00e0 leur histoire et \u00e0 leur beaut\u00e9 complexe. Le kimono a le pouvoir de cr\u00e9er un point focal saisissant dans n&rsquo;importe quel espace.<\/p>\n<\/div><\/div><div class=\"showroom-item\" data-count=\"8\"><div class=\"image-wrapper\"><img decoding=\"async\" src=\"https:\/\/lelephant.pt\/wp-content\/uploads\/2025\/01\/AA5A4363-scaled.jpg\" alt=\"Show8\" class=\"image-default image-default-unica\" \/><\/div><p class=\"tipo\"><\/p><div class=\"description\"><p class=\"p1\">Le luminaire <i>Mercury<\/i> d&rsquo;Artemide se compose d\u2019une s\u00e9rie de \u00ab pierres \u00bb flottantes sous un disque en aluminium, dont les surfaces biomorphiques refl\u00e8tent la lumi\u00e8re entre elles et sur le disque. En journ\u00e9e, <i>Mercury<\/i> devient une sculpture, interagissant avec la lumi\u00e8re naturelle et le mouvement des personnes autour de lui.<\/p>\n<\/div><\/div><div class=\"showroom-item\" data-count=\"9\"><div class=\"image-wrapper\"><img decoding=\"async\" src=\"https:\/\/lelephant.pt\/wp-content\/uploads\/2025\/01\/AA5A4270-scaled.jpg\" alt=\"Show9\" class=\"image-default image-default-unica\" \/><\/div><p class=\"tipo\"><\/p><div class=\"description\"><p class=\"p1\">Le lampadaire <i>Tynell 9602<\/i> de GUBI est une pi\u00e8ce de design intemporelle cr\u00e9\u00e9e par le designer finlandais Paavo Tynell en 1935 pour l\u2019h\u00f4tel Aulanko \u00e0 H\u00e4meenlinna. Connu sous le nom de \u00ab Chinese Hat \u00bb (Chapeau Chinois), il incarne la d\u00e9licatesse et le savoir-faire artisanal de Tynell.<\/p>\n<\/div><\/div><div class=\"showroom-item\" data-count=\"10\"><div class=\"image-wrapper\"><img decoding=\"async\" src=\"https:\/\/lelephant.pt\/wp-content\/uploads\/2025\/01\/Lelephant05-scaled.jpg\" alt=\"Show11\" class=\"image-default image-default-unica\" \/><\/div><p class=\"tipo\"><\/p><div class=\"description\"><p class=\"p1\">Le tabouret Nieke Black Footstool est une pi\u00e8ce de design qui allie style et fonctionnalit\u00e9. Sa finition noire lui conf\u00e8re une grande polyvalence, le rendant adapt\u00e9 \u00e0 divers espaces int\u00e9rieurs.<\/p>\n<\/div><\/div><div class=\"showroom-item\" data-count=\"11\"><div class=\"image-wrapper\"><img decoding=\"async\" src=\"https:\/\/lelephant.pt\/wp-content\/uploads\/2025\/01\/AA5A9944-scaled.jpg\" alt=\"Show10\" class=\"image-default image-default-unica\" \/><\/div><p class=\"tipo\"><\/p><div class=\"description\"><p class=\"p1\">Chez L\u2019\u00c9l\u00e9phant, nous proposons une gamme vari\u00e9e de solutions d\u2019\u00e9clairage sur mesure pour chaque espace \u2013 des pi\u00e8ces iconiques aux classiques du design, en passant par des objets plus subtils. Venez d\u00e9couvrir notre s\u00e9lection dans notre showroom et notre boutique.<\/p>\n<\/div><\/div><\/div>[\/vc_column_text][\/vc_column][\/vc_row]<\/p>\n","protected":false},"excerpt":{"rendered":"<p>[vc_row][vc_column][vc_column_text][\/vc_column_text][\/vc_column][\/vc_row]<\/p>\n","protected":false},"author":1,"featured_media":0,"parent":0,"menu_order":0,"comment_status":"closed","ping_status":"closed","template":"","meta":{"_monsterinsights_skip_tracking":false,"_monsterinsights_sitenote_active":false,"_monsterinsights_sitenote_note":"","_monsterinsights_sitenote_category":0,"footnotes":""},"class_list":["post-2399","page","type-page","status-publish","hentry"],"yoast_head":"<!-- This site is optimized with the Yoast SEO plugin v27.2 - https:\/\/yoast.com\/product\/yoast-seo-wordpress\/ -->\n<title>Showroom - L&#039;\u00c9l\u00e9phant<\/title>\n<meta name=\"robots\" content=\"index, follow, max-snippet:-1, max-image-preview:large, max-video-preview:-1\" \/>\n<link rel=\"canonical\" href=\"https:\/\/lelephant.pt\/fr\/showroom\/\" \/>\n<meta property=\"og:locale\" content=\"fr_FR\" \/>\n<meta property=\"og:type\" content=\"article\" \/>\n<meta property=\"og:title\" content=\"Showroom - L&#039;\u00c9l\u00e9phant\" \/>\n<meta property=\"og:description\" content=\"[vc_row][vc_column][vc_column_text][\/vc_column_text][\/vc_column][\/vc_row]\" \/>\n<meta property=\"og:url\" content=\"https:\/\/lelephant.pt\/fr\/showroom\/\" \/>\n<meta property=\"og:site_name\" content=\"L&#039;\u00c9l\u00e9phant\" \/>\n<meta property=\"article:publisher\" content=\"https:\/\/www.facebook.com\/lelephantinteriors\/\" \/>\n<meta property=\"article:modified_time\" content=\"2025-03-11T15:39:57+00:00\" \/>\n<meta name=\"twitter:card\" content=\"summary_large_image\" \/>\n<meta name=\"twitter:label1\" content=\"Dur\u00e9e de lecture estim\u00e9e\" \/>\n\t<meta name=\"twitter:data1\" content=\"1 minute\" \/>\n<script type=\"application\/ld+json\" class=\"yoast-schema-graph\">{\"@context\":\"https:\/\/schema.org\",\"@graph\":[{\"@type\":\"WebPage\",\"@id\":\"https:\/\/lelephant.pt\/fr\/showroom\/\",\"url\":\"https:\/\/lelephant.pt\/fr\/showroom\/\",\"name\":\"Showroom - L&#039;\u00c9l\u00e9phant\",\"isPartOf\":{\"@id\":\"https:\/\/lelephant.pt\/#website\"},\"datePublished\":\"2024-12-02T08:41:36+00:00\",\"dateModified\":\"2025-03-11T15:39:57+00:00\",\"breadcrumb\":{\"@id\":\"https:\/\/lelephant.pt\/fr\/showroom\/#breadcrumb\"},\"inLanguage\":\"fr-FR\",\"potentialAction\":[{\"@type\":\"ReadAction\",\"target\":[\"https:\/\/lelephant.pt\/fr\/showroom\/\"]}]},{\"@type\":\"BreadcrumbList\",\"@id\":\"https:\/\/lelephant.pt\/fr\/showroom\/#breadcrumb\",\"itemListElement\":[{\"@type\":\"ListItem\",\"position\":1,\"name\":\"In\u00edcio\",\"item\":\"https:\/\/lelephant.pt\/fr\/\"},{\"@type\":\"ListItem\",\"position\":2,\"name\":\"Showroom\"}]},{\"@type\":\"WebSite\",\"@id\":\"https:\/\/lelephant.pt\/#website\",\"url\":\"https:\/\/lelephant.pt\/\",\"name\":\"L\u00b4\u00e9l\u00e9phant\",\"description\":\"Design de interiores - Arquitetura - Consultoria\",\"publisher\":{\"@id\":\"https:\/\/lelephant.pt\/#organization\"},\"potentialAction\":[{\"@type\":\"SearchAction\",\"target\":{\"@type\":\"EntryPoint\",\"urlTemplate\":\"https:\/\/lelephant.pt\/?s={search_term_string}\"},\"query-input\":{\"@type\":\"PropertyValueSpecification\",\"valueRequired\":true,\"valueName\":\"search_term_string\"}}],\"inLanguage\":\"fr-FR\"},{\"@type\":\"Organization\",\"@id\":\"https:\/\/lelephant.pt\/#organization\",\"name\":\"L\u00b4\u00e9l\u00e9phant\",\"url\":\"https:\/\/lelephant.pt\/\",\"logo\":{\"@type\":\"ImageObject\",\"inLanguage\":\"fr-FR\",\"@id\":\"https:\/\/lelephant.pt\/#\/schema\/logo\/image\/\",\"url\":\"https:\/\/lelephant.pt\/wp-content\/uploads\/2024\/02\/cropped-Logo-Preto_1.png\",\"contentUrl\":\"https:\/\/lelephant.pt\/wp-content\/uploads\/2024\/02\/cropped-Logo-Preto_1.png\",\"width\":512,\"height\":512,\"caption\":\"L\u00b4\u00e9l\u00e9phant\"},\"image\":{\"@id\":\"https:\/\/lelephant.pt\/#\/schema\/logo\/image\/\"},\"sameAs\":[\"https:\/\/www.facebook.com\/lelephantinteriors\/\",\"https:\/\/www.instagram.com\/LELEPHANT_INTERIORS\/\"]}]}<\/script>\n<!-- \/ Yoast SEO plugin. -->","yoast_head_json":{"title":"Showroom - L&#039;\u00c9l\u00e9phant","robots":{"index":"index","follow":"follow","max-snippet":"max-snippet:-1","max-image-preview":"max-image-preview:large","max-video-preview":"max-video-preview:-1"},"canonical":"https:\/\/lelephant.pt\/fr\/showroom\/","og_locale":"fr_FR","og_type":"article","og_title":"Showroom - L&#039;\u00c9l\u00e9phant","og_description":"[vc_row][vc_column][vc_column_text][\/vc_column_text][\/vc_column][\/vc_row]","og_url":"https:\/\/lelephant.pt\/fr\/showroom\/","og_site_name":"L&#039;\u00c9l\u00e9phant","article_publisher":"https:\/\/www.facebook.com\/lelephantinteriors\/","article_modified_time":"2025-03-11T15:39:57+00:00","twitter_card":"summary_large_image","twitter_misc":{"Dur\u00e9e de lecture estim\u00e9e":"1 minute"},"schema":{"@context":"https:\/\/schema.org","@graph":[{"@type":"WebPage","@id":"https:\/\/lelephant.pt\/fr\/showroom\/","url":"https:\/\/lelephant.pt\/fr\/showroom\/","name":"Showroom - L&#039;\u00c9l\u00e9phant","isPartOf":{"@id":"https:\/\/lelephant.pt\/#website"},"datePublished":"2024-12-02T08:41:36+00:00","dateModified":"2025-03-11T15:39:57+00:00","breadcrumb":{"@id":"https:\/\/lelephant.pt\/fr\/showroom\/#breadcrumb"},"inLanguage":"fr-FR","potentialAction":[{"@type":"ReadAction","target":["https:\/\/lelephant.pt\/fr\/showroom\/"]}]},{"@type":"BreadcrumbList","@id":"https:\/\/lelephant.pt\/fr\/showroom\/#breadcrumb","itemListElement":[{"@type":"ListItem","position":1,"name":"In\u00edcio","item":"https:\/\/lelephant.pt\/fr\/"},{"@type":"ListItem","position":2,"name":"Showroom"}]},{"@type":"WebSite","@id":"https:\/\/lelephant.pt\/#website","url":"https:\/\/lelephant.pt\/","name":"L\u00b4\u00e9l\u00e9phant","description":"Design de interiores - Arquitetura - Consultoria","publisher":{"@id":"https:\/\/lelephant.pt\/#organization"},"potentialAction":[{"@type":"SearchAction","target":{"@type":"EntryPoint","urlTemplate":"https:\/\/lelephant.pt\/?s={search_term_string}"},"query-input":{"@type":"PropertyValueSpecification","valueRequired":true,"valueName":"search_term_string"}}],"inLanguage":"fr-FR"},{"@type":"Organization","@id":"https:\/\/lelephant.pt\/#organization","name":"L\u00b4\u00e9l\u00e9phant","url":"https:\/\/lelephant.pt\/","logo":{"@type":"ImageObject","inLanguage":"fr-FR","@id":"https:\/\/lelephant.pt\/#\/schema\/logo\/image\/","url":"https:\/\/lelephant.pt\/wp-content\/uploads\/2024\/02\/cropped-Logo-Preto_1.png","contentUrl":"https:\/\/lelephant.pt\/wp-content\/uploads\/2024\/02\/cropped-Logo-Preto_1.png","width":512,"height":512,"caption":"L\u00b4\u00e9l\u00e9phant"},"image":{"@id":"https:\/\/lelephant.pt\/#\/schema\/logo\/image\/"},"sameAs":["https:\/\/www.facebook.com\/lelephantinteriors\/","https:\/\/www.instagram.com\/LELEPHANT_INTERIORS\/"]}]}},"_links":{"self":[{"href":"https:\/\/lelephant.pt\/fr\/wp-json\/wp\/v2\/pages\/2399","targetHints":{"allow":["GET"]}}],"collection":[{"href":"https:\/\/lelephant.pt\/fr\/wp-json\/wp\/v2\/pages"}],"about":[{"href":"https:\/\/lelephant.pt\/fr\/wp-json\/wp\/v2\/types\/page"}],"author":[{"embeddable":true,"href":"https:\/\/lelephant.pt\/fr\/wp-json\/wp\/v2\/users\/1"}],"replies":[{"embeddable":true,"href":"https:\/\/lelephant.pt\/fr\/wp-json\/wp\/v2\/comments?post=2399"}],"version-history":[{"count":0,"href":"https:\/\/lelephant.pt\/fr\/wp-json\/wp\/v2\/pages\/2399\/revisions"}],"wp:attachment":[{"href":"https:\/\/lelephant.pt\/fr\/wp-json\/wp\/v2\/media?parent=2399"}],"curies":[{"name":"wp","href":"https:\/\/api.w.org\/{rel}","templated":true}]}}