{"id":1582,"date":"2024-01-15T10:26:07","date_gmt":"2024-01-15T10:26:07","guid":{"rendered":"https:\/\/lelephant.pt\/politica-privacidade\/"},"modified":"2024-06-14T10:37:55","modified_gmt":"2024-06-14T10:37:55","slug":"politica-privacidade","status":"publish","type":"page","link":"https:\/\/lelephant.pt\/fr\/politica-privacidade\/","title":{"rendered":"Pol\u00edtica de privacidade"},"content":{"rendered":"<p>[vc_row][vc_column][vc_column_text el_class=\u00a0\u00bbtexto-politica\u00a0\u00bb]<strong>Votre vie priv\u00e9e est importante pour nous.<\/strong><\/p>\n<p>&nbsp;<\/p>\n<p>La politique de L\u2019\u00c9L\u00c9PHANT est de respecter votre vie priv\u00e9e en ce qui concerne toute information que nous pouvons collecter lors de l&rsquo;exploitation de notre site Web. Cette politique de confidentialit\u00e9 s&rsquo;applique au site Web <a href=\"https:\/\/lelephant.pt\">www.lelephant.pt<\/a> (ci-apr\u00e8s, \u00ab\u00a0nous\u00a0\u00bb, \u00ab\u00a0notre\u00a0\u00bb ou \u00ab\u00a0<a href=\"https:\/\/lelephant.pt\">www.lelephant.pt<\/a>\u00ab\u00a0). Nous respectons votre vie priv\u00e9e et nous engageons \u00e0 prot\u00e9ger les informations personnelles identifiables que vous pourriez nous fournir via le site Web. Nous avons adopt\u00e9 cette politique de confidentialit\u00e9 (\u00ab\u00a0Politique de Confidentialit\u00e9\u00a0\u00bb) pour expliquer quelles informations peuvent \u00eatre collect\u00e9es sur notre site Web, comment nous utilisons ces informations et dans quelles circonstances nous pouvons les divulguer \u00e0 des tiers. Cette Politique de Confidentialit\u00e9 s&rsquo;applique uniquement aux informations que nous collectons via le site Web et ne s&rsquo;applique pas \u00e0 notre collecte d&rsquo;informations provenant d&rsquo;autres sources. Cette Politique de Confidentialit\u00e9 d\u00e9finit les r\u00e8gles et politiques g\u00e9n\u00e9rales qui r\u00e9gissent votre utilisation de notre site Web. En fonction de vos activit\u00e9s lors de la visite de notre site Web, il peut \u00eatre n\u00e9cessaire d&rsquo;accepter des conditions de service suppl\u00e9mentaires.<\/p>\n<p>&nbsp;<\/p>\n<p><strong>Visiteurs<\/strong><\/p>\n<p>Comme la plupart des sites Web, L\u2019\u00c9L\u00c9PHANT collecte des informations non personnellement identifiables de type que les navigateurs web et les serveurs mettent normalement \u00e0 disposition, telles que le type de navigateur, la pr\u00e9f\u00e9rence linguistique, le site de r\u00e9f\u00e9rence et la date et l&rsquo;heure de chaque demande de visiteur. L&rsquo;objectif de la collecte des informations non personnellement identifiables est de mieux comprendre comment les visiteurs de L\u2019\u00c9L\u00c9PHANT utilisent le site Web.<\/p>\n<p>&nbsp;<\/p>\n<p><strong>Informations d&rsquo;Identification Personnelle <\/strong><\/p>\n<p>Certains visiteurs du site Web de L\u2019\u00c9L\u00c9PHANT choisissent d&rsquo;interagir avec nous de mani\u00e8re \u00e0 n\u00e9cessiter que L\u2019\u00c9L\u00c9PHANT collecte des informations d&rsquo;identification personnelle. La quantit\u00e9 et le type d&rsquo;informations que L\u2019\u00c9L\u00c9PHANT recueille d\u00e9pendent de la nature de l&rsquo;interaction. Par exemple, nous demandons aux visiteurs qui laissent un message sur <a href=\"https:\/\/lelephant.pt\">www.lelephant.pt<\/a> de fournir un nom et une adresse e-mail dans un formulaire de contact.<\/p>\n<p>&nbsp;<\/p>\n<p><strong>S\u00e9curit\u00e9<\/strong><\/p>\n<p>La s\u00e9curit\u00e9 de vos informations personnelles est importante pour nous, mais rappelez-vous qu&rsquo;aucune m\u00e9thode de transmission sur Internet ou m\u00e9thode de stockage \u00e9lectronique n&rsquo;est s\u00fbre \u00e0 100%. Bien que nous nous efforcions d&rsquo;utiliser des moyens commercialement acceptables pour prot\u00e9ger vos informations personnelles, nous ne pouvons garantir leur s\u00e9curit\u00e9 absolue.<\/p>\n<p>&nbsp;<\/p>\n<p>&nbsp;<\/p>\n<p><strong>L\u2019\u00c9L\u00c9PHANT utilise Google AdWords pour le remarketing <\/strong><\/p>\n<p>L\u2019\u00c9L\u00c9PHANT utilise des services de remarketing pour faire de la publicit\u00e9 sur des sites Web tiers (y compris Google) pour les visiteurs r\u00e9currents de notre site. Cela peut signifier que nous faisons de la publicit\u00e9 pour des visiteurs r\u00e9currents qui n&rsquo;ont pas termin\u00e9 une t\u00e2che sur notre site, par exemple, le formulaire de contact. Cela peut \u00eatre sous la forme d&rsquo;une annonce sur la page de r\u00e9sultats de recherche de Google ou sur un site du R\u00e9seau Display de Google. Les fournisseurs tiers, y compris Google, utilisent des cookies pour diffuser des annonces bas\u00e9es sur les visites pr\u00e9c\u00e9dentes de quelqu&rsquo;un. Bien s\u00fbr, toutes les donn\u00e9es collect\u00e9es seront utilis\u00e9es conform\u00e9ment \u00e0 notre propre politique de confidentialit\u00e9 et \u00e0 la politique de confidentialit\u00e9 de Google. Vous pouvez d\u00e9finir des pr\u00e9f\u00e9rences sur la fa\u00e7on dont Google vous annonce \u00e0 l&rsquo;aide de la page de pr\u00e9f\u00e9rences Google Ad et, si vous le souhaitez, vous pouvez d\u00e9sactiver totalement la publicit\u00e9 bas\u00e9e sur les centres d&rsquo;int\u00e9r\u00eat en utilisant les param\u00e8tres de cookies ou de mani\u00e8re permanente \u00e0 l&rsquo;aide d&rsquo;un plugin de navigateur.<\/p>\n<p>&nbsp;<\/p>\n<p><strong>Statistiques Agr\u00e9g\u00e9es <\/strong><\/p>\n<p>L\u2019\u00c9L\u00c9PHANT peut collecter des statistiques sur le comportement des visiteurs de son site Web. L\u2019\u00c9L\u00c9PHANT peut afficher ces informations publiquement ou les fournir \u00e0 d&rsquo;autres. Cependant, L\u2019\u00c9L\u00c9PHANT ne divulgue pas d&rsquo;informations d&rsquo;identification personnelle.<\/p>\n<p>&nbsp;<\/p>\n<p><strong>Cookies<\/strong><\/p>\n<p>Pour enrichir et perfectionner votre exp\u00e9rience en ligne, L\u2019\u00c9L\u00c9PHANT utilise des \u00ab\u00a0Cookies\u00a0\u00bb, des technologies similaires et des services fournis par d&rsquo;autres pour afficher du contenu personnalis\u00e9, des publicit\u00e9s appropri\u00e9es et stocker vos pr\u00e9f\u00e9rences sur votre ordinateur. Un cookie est une cha\u00eene d&rsquo;informations qu&rsquo;un site stocke sur l&rsquo;ordinateur d&rsquo;un visiteur et que le navigateur du visiteur fournit au site chaque fois que le visiteur revient. Nous utilisons des cookies pour nous aider \u00e0 identifier et \u00e0 suivre les visiteurs, l&rsquo;utilisation de <a href=\"https:\/\/lelephant.pt\">www.lelephant.pt<\/a> et leurs pr\u00e9f\u00e9rences d&rsquo;acc\u00e8s au site. Les visiteurs de L\u2019\u00c9L\u00c9PHANT qui ne souhaitent pas avoir de cookies plac\u00e9s sur leurs ordinateurs doivent configurer leurs navigateurs pour refuser les cookies avant d&rsquo;utiliser L\u2019\u00c9L\u00c9PHANT. En continuant \u00e0 naviguer sur notre site Web sans modifier vos param\u00e8tres de cookies, vous reconnaissez et acceptez l&rsquo;utilisation des cookies de L\u2019\u00c9L\u00c9PHANT.<\/p>\n<p>&nbsp;<\/p>\n<p><strong>Politique de Confidentialit\u00e9<\/strong><\/p>\n<p>En remplissant le formulaire de contact sur notre page, vous acceptez de partager vos donn\u00e9es avec L\u2019\u00c9L\u00c9PHANT dans le seul but de recevoir des informations sur nos activit\u00e9s. Nous nous engageons \u00e0 prot\u00e9ger et \u00e0 respecter vos donn\u00e9es personnelles conform\u00e9ment aux lois sur la vie priv\u00e9e en vigueur.<\/p>\n<p>&nbsp;<\/p>\n<p><strong>Informations Collect\u00e9es<\/strong><\/p>\n<ul>\n<li>Nom<\/li>\n<li>Adresse<\/li>\n<li>E-mail<\/li>\n<li>Message<\/li>\n<\/ul>\n<p><strong>\u00a0<\/strong><\/p>\n<p><strong>Utilisation des Informations <\/strong><\/p>\n<p>Les informations fournies seront utilis\u00e9es exclusivement pour envoyer des informations sur les activit\u00e9s de L\u2019\u00c9L\u00c9PHANT. Nous ne partagerons pas vos donn\u00e9es avec des tiers.<\/p>\n<p>&nbsp;<\/p>\n<p><strong>S\u00e9curit\u00e9<\/strong><\/p>\n<p>Nous prenons des mesures rigoureuses pour assurer la s\u00e9curit\u00e9 de vos donn\u00e9es. Nous utilisons des pratiques de s\u00e9curit\u00e9 physiques et \u00e9lectroniques pour prot\u00e9ger les informations que nous collectons en ligne.<\/p>\n<p>&nbsp;<\/p>\n<p><strong>Acc\u00e8s et Contr\u00f4le <\/strong><\/p>\n<p>Vous avez le droit d&rsquo;acc\u00e9der, de corriger et de supprimer vos informations personnelles \u00e0 tout moment. Contactez-nous si vous avez besoin d&rsquo;assistance.<\/p>\n<p>&nbsp;<\/p>\n<p><strong>Modifications de la Politique de Confidentialit\u00e9 <\/strong><\/p>\n<p>Bien que la plupart des modifications soient probablement mineures, L\u2019\u00c9L\u00c9PHANT peut modifier sa Politique de Confidentialit\u00e9 de temps en temps, \u00e0 la seule discr\u00e9tion de L\u2019\u00c9L\u00c9PHANT. L\u2019\u00c9L\u00c9PHANT encourage les visiteurs \u00e0 v\u00e9rifier fr\u00e9quemment cette page pour voir les \u00e9ventuelles modifications apport\u00e9es \u00e0 sa Politique de Confidentialit\u00e9. L&rsquo;utilisation continue de ce site apr\u00e8s toute modification de cette Politique de Confidentialit\u00e9 constitue votre acceptation de ce changement.<\/p>\n<p>En soumettant le formulaire, vous acceptez nos pratiques de confidentialit\u00e9. Si vous avez des questions ou des pr\u00e9occupations, contactez-nous.<\/p>\n<p>&nbsp;<\/p>\n<p>(+351) 213 420\u00a0042<\/p>\n<p><a href=\"mailto:STUDIO@LELEPHANT.PT\">STUDIO@LELEPHANT.PT<\/a><\/p>\n<p>IVENS, 38<\/p>\n<p>1200-227 LISBOA<\/p>\n<p>PORTUGAL[\/vc_column_text][\/vc_column][\/vc_row]<\/p>\n","protected":false},"excerpt":{"rendered":"<p>[vc_row][vc_column][vc_column_text el_class=\u00a0\u00bbtexto-politica\u00a0\u00bb]Votre vie priv\u00e9e est importante pour nous. &nbsp; La politique de L\u2019\u00c9L\u00c9PHANT est de respecter votre vie priv\u00e9e en ce qui concerne toute information que nous pouvons collecter lors de l&rsquo;exploitation de notre site Web. Cette politique de confidentialit\u00e9 s&rsquo;applique au site Web www.lelephant.pt (ci-apr\u00e8s, \u00ab\u00a0nous\u00a0\u00bb, \u00ab\u00a0notre\u00a0\u00bb ou \u00ab\u00a0www.lelephant.pt\u00ab\u00a0). Nous respectons votre vie priv\u00e9e [&hellip;]<\/p>\n","protected":false},"author":1,"featured_media":0,"parent":0,"menu_order":0,"comment_status":"closed","ping_status":"open","template":"","meta":{"_monsterinsights_skip_tracking":false,"_monsterinsights_sitenote_active":false,"_monsterinsights_sitenote_note":"","_monsterinsights_sitenote_category":0,"footnotes":""},"class_list":["post-1582","page","type-page","status-publish","hentry"],"yoast_head":"<!-- This site is optimized with the Yoast SEO plugin v27.2 - https:\/\/yoast.com\/product\/yoast-seo-wordpress\/ -->\n<title>Pol\u00edtica de privacidade - L&#039;\u00c9l\u00e9phant<\/title>\n<meta name=\"robots\" content=\"index, follow, max-snippet:-1, max-image-preview:large, max-video-preview:-1\" \/>\n<link rel=\"canonical\" href=\"https:\/\/lelephant.pt\/fr\/politica-privacidade\/\" \/>\n<meta property=\"og:locale\" content=\"fr_FR\" \/>\n<meta property=\"og:type\" content=\"article\" \/>\n<meta property=\"og:title\" content=\"Pol\u00edtica de privacidade - L&#039;\u00c9l\u00e9phant\" \/>\n<meta property=\"og:description\" content=\"[vc_row][vc_column][vc_column_text el_class=\u00a0\u00bbtexto-politica\u00a0\u00bb]Votre vie priv\u00e9e est importante pour nous. &nbsp; La politique de L\u2019\u00c9L\u00c9PHANT est de respecter votre vie priv\u00e9e en ce qui concerne toute information que nous pouvons collecter lors de l&rsquo;exploitation de notre site Web. Cette politique de confidentialit\u00e9 s&rsquo;applique au site Web www.lelephant.pt (ci-apr\u00e8s, \u00ab\u00a0nous\u00a0\u00bb, \u00ab\u00a0notre\u00a0\u00bb ou \u00ab\u00a0www.lelephant.pt\u00ab\u00a0). Nous respectons votre vie priv\u00e9e [&hellip;]\" \/>\n<meta property=\"og:url\" content=\"https:\/\/lelephant.pt\/fr\/politica-privacidade\/\" \/>\n<meta property=\"og:site_name\" content=\"L&#039;\u00c9l\u00e9phant\" \/>\n<meta property=\"article:publisher\" content=\"https:\/\/www.facebook.com\/lelephantinteriors\/\" \/>\n<meta property=\"article:modified_time\" content=\"2024-06-14T10:37:55+00:00\" \/>\n<meta name=\"twitter:card\" content=\"summary_large_image\" \/>\n<meta name=\"twitter:label1\" content=\"Dur\u00e9e de lecture estim\u00e9e\" \/>\n\t<meta name=\"twitter:data1\" content=\"6 minutes\" \/>\n<script type=\"application\/ld+json\" class=\"yoast-schema-graph\">{\"@context\":\"https:\/\/schema.org\",\"@graph\":[{\"@type\":\"WebPage\",\"@id\":\"https:\/\/lelephant.pt\/fr\/politica-privacidade\/\",\"url\":\"https:\/\/lelephant.pt\/fr\/politica-privacidade\/\",\"name\":\"Pol\u00edtica de privacidade - L&#039;\u00c9l\u00e9phant\",\"isPartOf\":{\"@id\":\"https:\/\/lelephant.pt\/#website\"},\"datePublished\":\"2024-01-15T10:26:07+00:00\",\"dateModified\":\"2024-06-14T10:37:55+00:00\",\"breadcrumb\":{\"@id\":\"https:\/\/lelephant.pt\/fr\/politica-privacidade\/#breadcrumb\"},\"inLanguage\":\"fr-FR\",\"potentialAction\":[{\"@type\":\"ReadAction\",\"target\":[\"https:\/\/lelephant.pt\/fr\/politica-privacidade\/\"]}]},{\"@type\":\"BreadcrumbList\",\"@id\":\"https:\/\/lelephant.pt\/fr\/politica-privacidade\/#breadcrumb\",\"itemListElement\":[{\"@type\":\"ListItem\",\"position\":1,\"name\":\"In\u00edcio\",\"item\":\"https:\/\/lelephant.pt\/fr\/\"},{\"@type\":\"ListItem\",\"position\":2,\"name\":\"Pol\u00edtica de privacidade\"}]},{\"@type\":\"WebSite\",\"@id\":\"https:\/\/lelephant.pt\/#website\",\"url\":\"https:\/\/lelephant.pt\/\",\"name\":\"L\u00b4\u00e9l\u00e9phant\",\"description\":\"Design de interiores - Arquitetura - Consultoria\",\"publisher\":{\"@id\":\"https:\/\/lelephant.pt\/#organization\"},\"potentialAction\":[{\"@type\":\"SearchAction\",\"target\":{\"@type\":\"EntryPoint\",\"urlTemplate\":\"https:\/\/lelephant.pt\/?s={search_term_string}\"},\"query-input\":{\"@type\":\"PropertyValueSpecification\",\"valueRequired\":true,\"valueName\":\"search_term_string\"}}],\"inLanguage\":\"fr-FR\"},{\"@type\":\"Organization\",\"@id\":\"https:\/\/lelephant.pt\/#organization\",\"name\":\"L\u00b4\u00e9l\u00e9phant\",\"url\":\"https:\/\/lelephant.pt\/\",\"logo\":{\"@type\":\"ImageObject\",\"inLanguage\":\"fr-FR\",\"@id\":\"https:\/\/lelephant.pt\/#\/schema\/logo\/image\/\",\"url\":\"https:\/\/lelephant.pt\/wp-content\/uploads\/2024\/02\/cropped-Logo-Preto_1.png\",\"contentUrl\":\"https:\/\/lelephant.pt\/wp-content\/uploads\/2024\/02\/cropped-Logo-Preto_1.png\",\"width\":512,\"height\":512,\"caption\":\"L\u00b4\u00e9l\u00e9phant\"},\"image\":{\"@id\":\"https:\/\/lelephant.pt\/#\/schema\/logo\/image\/\"},\"sameAs\":[\"https:\/\/www.facebook.com\/lelephantinteriors\/\",\"https:\/\/www.instagram.com\/LELEPHANT_INTERIORS\/\"]}]}<\/script>\n<!-- \/ Yoast SEO plugin. -->","yoast_head_json":{"title":"Pol\u00edtica de privacidade - L&#039;\u00c9l\u00e9phant","robots":{"index":"index","follow":"follow","max-snippet":"max-snippet:-1","max-image-preview":"max-image-preview:large","max-video-preview":"max-video-preview:-1"},"canonical":"https:\/\/lelephant.pt\/fr\/politica-privacidade\/","og_locale":"fr_FR","og_type":"article","og_title":"Pol\u00edtica de privacidade - L&#039;\u00c9l\u00e9phant","og_description":"[vc_row][vc_column][vc_column_text el_class=\u00a0\u00bbtexto-politica\u00a0\u00bb]Votre vie priv\u00e9e est importante pour nous. &nbsp; La politique de L\u2019\u00c9L\u00c9PHANT est de respecter votre vie priv\u00e9e en ce qui concerne toute information que nous pouvons collecter lors de l&rsquo;exploitation de notre site Web. Cette politique de confidentialit\u00e9 s&rsquo;applique au site Web www.lelephant.pt (ci-apr\u00e8s, \u00ab\u00a0nous\u00a0\u00bb, \u00ab\u00a0notre\u00a0\u00bb ou \u00ab\u00a0www.lelephant.pt\u00ab\u00a0). Nous respectons votre vie priv\u00e9e [&hellip;]","og_url":"https:\/\/lelephant.pt\/fr\/politica-privacidade\/","og_site_name":"L&#039;\u00c9l\u00e9phant","article_publisher":"https:\/\/www.facebook.com\/lelephantinteriors\/","article_modified_time":"2024-06-14T10:37:55+00:00","twitter_card":"summary_large_image","twitter_misc":{"Dur\u00e9e de lecture estim\u00e9e":"6 minutes"},"schema":{"@context":"https:\/\/schema.org","@graph":[{"@type":"WebPage","@id":"https:\/\/lelephant.pt\/fr\/politica-privacidade\/","url":"https:\/\/lelephant.pt\/fr\/politica-privacidade\/","name":"Pol\u00edtica de privacidade - L&#039;\u00c9l\u00e9phant","isPartOf":{"@id":"https:\/\/lelephant.pt\/#website"},"datePublished":"2024-01-15T10:26:07+00:00","dateModified":"2024-06-14T10:37:55+00:00","breadcrumb":{"@id":"https:\/\/lelephant.pt\/fr\/politica-privacidade\/#breadcrumb"},"inLanguage":"fr-FR","potentialAction":[{"@type":"ReadAction","target":["https:\/\/lelephant.pt\/fr\/politica-privacidade\/"]}]},{"@type":"BreadcrumbList","@id":"https:\/\/lelephant.pt\/fr\/politica-privacidade\/#breadcrumb","itemListElement":[{"@type":"ListItem","position":1,"name":"In\u00edcio","item":"https:\/\/lelephant.pt\/fr\/"},{"@type":"ListItem","position":2,"name":"Pol\u00edtica de privacidade"}]},{"@type":"WebSite","@id":"https:\/\/lelephant.pt\/#website","url":"https:\/\/lelephant.pt\/","name":"L\u00b4\u00e9l\u00e9phant","description":"Design de interiores - Arquitetura - Consultoria","publisher":{"@id":"https:\/\/lelephant.pt\/#organization"},"potentialAction":[{"@type":"SearchAction","target":{"@type":"EntryPoint","urlTemplate":"https:\/\/lelephant.pt\/?s={search_term_string}"},"query-input":{"@type":"PropertyValueSpecification","valueRequired":true,"valueName":"search_term_string"}}],"inLanguage":"fr-FR"},{"@type":"Organization","@id":"https:\/\/lelephant.pt\/#organization","name":"L\u00b4\u00e9l\u00e9phant","url":"https:\/\/lelephant.pt\/","logo":{"@type":"ImageObject","inLanguage":"fr-FR","@id":"https:\/\/lelephant.pt\/#\/schema\/logo\/image\/","url":"https:\/\/lelephant.pt\/wp-content\/uploads\/2024\/02\/cropped-Logo-Preto_1.png","contentUrl":"https:\/\/lelephant.pt\/wp-content\/uploads\/2024\/02\/cropped-Logo-Preto_1.png","width":512,"height":512,"caption":"L\u00b4\u00e9l\u00e9phant"},"image":{"@id":"https:\/\/lelephant.pt\/#\/schema\/logo\/image\/"},"sameAs":["https:\/\/www.facebook.com\/lelephantinteriors\/","https:\/\/www.instagram.com\/LELEPHANT_INTERIORS\/"]}]}},"_links":{"self":[{"href":"https:\/\/lelephant.pt\/fr\/wp-json\/wp\/v2\/pages\/1582","targetHints":{"allow":["GET"]}}],"collection":[{"href":"https:\/\/lelephant.pt\/fr\/wp-json\/wp\/v2\/pages"}],"about":[{"href":"https:\/\/lelephant.pt\/fr\/wp-json\/wp\/v2\/types\/page"}],"author":[{"embeddable":true,"href":"https:\/\/lelephant.pt\/fr\/wp-json\/wp\/v2\/users\/1"}],"replies":[{"embeddable":true,"href":"https:\/\/lelephant.pt\/fr\/wp-json\/wp\/v2\/comments?post=1582"}],"version-history":[{"count":0,"href":"https:\/\/lelephant.pt\/fr\/wp-json\/wp\/v2\/pages\/1582\/revisions"}],"wp:attachment":[{"href":"https:\/\/lelephant.pt\/fr\/wp-json\/wp\/v2\/media?parent=1582"}],"curies":[{"name":"wp","href":"https:\/\/api.w.org\/{rel}","templated":true}]}}