{"id":1578,"date":"2024-02-12T16:32:43","date_gmt":"2024-02-12T16:32:43","guid":{"rendered":"https:\/\/lelephant.pt\/about\/"},"modified":"2024-02-12T16:32:43","modified_gmt":"2024-02-12T16:32:43","slug":"about","status":"publish","type":"page","link":"https:\/\/lelephant.pt\/fr\/about\/","title":{"rendered":"About"},"content":{"rendered":"<p>[vc_row el_class=\u00a0\u00bbzona1&Prime;][vc_column][vc_column_text el_class=\u00a0\u00bbconteudo-vertical\u00a0\u00bb]<div class=\"imagem-apoiar\" style=\"background-image: url(https:\/\/lelephant.pt\/wp-content\/uploads\/2024\/02\/image-814d3d20-e5bf-4a46-aaba-9c429ac65d2d-1.webp);\"><\/div>[\/vc_column_text][\/vc_column][\/vc_row][vc_row el_class=\u00a0\u00bbzona2 desktop-none\u00a0\u00bb][vc_column][vc_column_text el_class=\u00a0\u00bbzonaHorizontal\u00a0\u00bb][\/vc_column_text][vc_column_text el_class=\u00a0\u00bbzonaHorizontal zonaHorizontal2&Prime;]\n\n        <div class=\"layout-bakeri-1\">\n<div class=\"texto-container\">\n    <p>Nous sommes une \u00e9quipe multidisciplinaire et partageons une profonde d\u00e9votion \u00e0 l'art et \u00e0 la qu\u00eate incessante de la qualit\u00e9 dans l'ex\u00e9cution des projets, \u00e0 chaque \u00e9tape diff\u00e9rente. Nous croyons que la signature L\u2019\u00c9L\u00c9PHANT r\u00e9siste \u00e0 l'\u00e9preuve du temps et notre approche du design est d\u00e9finie par l'\u00e9quilibre de trois valeurs fondamentales : la forme, la fonction et le d\u00e9tail.<\/p>\n    <h6><span>Domaines :<\/span><\/h6>\n    <h6>Design d'int\u00e9rieur<\/h6>\n    <h6>Architecture<\/h6>\n    <h6>Consulting<\/h6>\n<\/div>\n\n        <\/div>\n\n    \n    <div class=\"slider-container slick-about\">\n        <div><img decoding=\"async\" src=\"https:\/\/lelephant.pt\/wp-content\/themes\/elephant\/img\/imagem-1.jpg\" alt=\"\"><\/div>\n        <div><img decoding=\"async\" src=\"https:\/\/lelephant.pt\/wp-content\/themes\/elephant\/img\/AA5A9993.jpg\" alt=\"\"><\/div>\n      <!--  <div><img decoding=\"async\" src=\"https:\/\/lelephant.pt\/wp-content\/themes\/elephant\/img\/imagem-3.jpg\" alt=\"\"><\/div> -->\n    <\/div>\n\n\n\n    [\/vc_column_text][\/vc_column][\/vc_row][vc_row el_class=\u00a0\u00bbmobile-none\u00a0\u00bb][vc_column][vc_column_text el_class=\u00a0\u00bbzonaHorizontal\u00a0\u00bb][\/vc_column_text][vc_column_text]    <div class=\"layout-bakeri-mobile\">\n        <div class=\"slider-container slick-about\">\n            <div style=\"background-image: url('https:\/\/lelephant.pt\/wp-content\/themes\/elephant\/img\/imagem-1.jpg');\"><\/div>\n            <div style=\"background-image: url('https:\/\/lelephant.pt\/wp-content\/themes\/elephant\/img\/AA5A9993.jpg');\"><\/div>\n           <!-- <div class=\"imagem-direita\" style=\"background-image: url('https:\/\/lelephant.pt\/wp-content\/themes\/elephant\/img\/imagem-35.jpg');\"><\/div>-->\n        <\/div>\n        <div class=\"texto-container-mobile\">\n\n    <p>Nous sommes une \u00e9quipe multidisciplinaire et partageons une profonde d\u00e9votion \u00e0 l'art et \u00e0 la qu\u00eate incessante de la qualit\u00e9 dans l'ex\u00e9cution des projets, \u00e0 chaque \u00e9tape diff\u00e9rente. Nous croyons que la signature L\u2019\u00c9L\u00c9PHANT r\u00e9siste \u00e0 l'\u00e9preuve du temps et notre approche du design est d\u00e9finie par l'\u00e9quilibre de trois valeurs fondamentales : la forme, la fonction et le d\u00e9tail.<\/p>\n    <h6><span>Domaines :<\/span><\/h6>\n    <h6>Design d'int\u00e9rieur<\/h6>\n    <h6>Architecture<\/h6>\n    <h6>Consulting<\/h6>\n\n\n        <\/div>\n    <\/div>\n    [\/vc_column_text][\/vc_column][\/vc_row][vc_row el_class=\u00a0\u00bbzona3&Prime;][vc_column][vc_single_image image=\u00a0\u00bb360&Prime; img_size=\u00a0\u00bbfull\u00a0\u00bb el_class=\u00a0\u00bbimg-about-footer conteudo-vertical-2&Prime;][\/vc_column][\/vc_row]<\/p>\n","protected":false},"excerpt":{"rendered":"<p>[vc_row el_class=\u00a0\u00bbzona1&Prime;][vc_column][vc_column_text el_class=\u00a0\u00bbconteudo-vertical\u00a0\u00bb][\/vc_column_text][\/vc_column][\/vc_row][vc_row el_class=\u00a0\u00bbzona2 desktop-none\u00a0\u00bb][vc_column][vc_column_text el_class=\u00a0\u00bbzonaHorizontal\u00a0\u00bb][\/vc_column_text][vc_column_text el_class=\u00a0\u00bbzonaHorizontal zonaHorizontal2&Prime;][\/vc_column_text][\/vc_column][\/vc_row][vc_row el_class=\u00a0\u00bbmobile-none\u00a0\u00bb][vc_column][vc_column_text el_class=\u00a0\u00bbzonaHorizontal\u00a0\u00bb][\/vc_column_text][vc_column_text][\/vc_column_text][\/vc_column][\/vc_row][vc_row el_class=\u00a0\u00bbzona3&Prime;][vc_column][vc_single_image image=\u00a0\u00bb360&Prime; img_size=\u00a0\u00bbfull\u00a0\u00bb el_class=\u00a0\u00bbimg-about-footer conteudo-vertical-2&Prime;][\/vc_column][\/vc_row]<\/p>\n","protected":false},"author":1,"featured_media":0,"parent":0,"menu_order":0,"comment_status":"closed","ping_status":"closed","template":"","meta":{"_monsterinsights_skip_tracking":false,"_monsterinsights_sitenote_active":false,"_monsterinsights_sitenote_note":"","_monsterinsights_sitenote_category":0,"footnotes":""},"class_list":["post-1578","page","type-page","status-publish","hentry"],"yoast_head":"<!-- This site is optimized with the Yoast SEO plugin v27.2 - https:\/\/yoast.com\/product\/yoast-seo-wordpress\/ -->\n<title>About - L&#039;\u00c9l\u00e9phant<\/title>\n<meta name=\"robots\" content=\"index, follow, max-snippet:-1, max-image-preview:large, max-video-preview:-1\" \/>\n<link rel=\"canonical\" href=\"https:\/\/lelephant.pt\/fr\/about\/\" \/>\n<meta property=\"og:locale\" content=\"fr_FR\" \/>\n<meta property=\"og:type\" content=\"article\" \/>\n<meta property=\"og:title\" content=\"About - L&#039;\u00c9l\u00e9phant\" \/>\n<meta property=\"og:description\" content=\"[vc_row el_class=\u00a0\u00bbzona1&Prime;][vc_column][vc_column_text el_class=\u00a0\u00bbconteudo-vertical\u00a0\u00bb][\/vc_column_text][\/vc_column][\/vc_row][vc_row el_class=\u00a0\u00bbzona2 desktop-none\u00a0\u00bb][vc_column][vc_column_text el_class=\u00a0\u00bbzonaHorizontal\u00a0\u00bb][\/vc_column_text][vc_column_text el_class=\u00a0\u00bbzonaHorizontal zonaHorizontal2&Prime;][\/vc_column_text][\/vc_column][\/vc_row][vc_row el_class=\u00a0\u00bbmobile-none\u00a0\u00bb][vc_column][vc_column_text el_class=\u00a0\u00bbzonaHorizontal\u00a0\u00bb][\/vc_column_text][vc_column_text][\/vc_column_text][\/vc_column][\/vc_row][vc_row el_class=\u00a0\u00bbzona3&Prime;][vc_column][vc_single_image image=\u00a0\u00bb360&Prime; img_size=\u00a0\u00bbfull\u00a0\u00bb el_class=\u00a0\u00bbimg-about-footer conteudo-vertical-2&Prime;][\/vc_column][\/vc_row]\" \/>\n<meta property=\"og:url\" content=\"https:\/\/lelephant.pt\/fr\/about\/\" \/>\n<meta property=\"og:site_name\" content=\"L&#039;\u00c9l\u00e9phant\" \/>\n<meta property=\"article:publisher\" content=\"https:\/\/www.facebook.com\/lelephantinteriors\/\" \/>\n<meta name=\"twitter:card\" content=\"summary_large_image\" \/>\n<meta name=\"twitter:label1\" content=\"Dur\u00e9e de lecture estim\u00e9e\" \/>\n\t<meta name=\"twitter:data1\" content=\"1 minute\" \/>\n<script type=\"application\/ld+json\" class=\"yoast-schema-graph\">{\"@context\":\"https:\/\/schema.org\",\"@graph\":[{\"@type\":\"WebPage\",\"@id\":\"https:\/\/lelephant.pt\/fr\/about\/\",\"url\":\"https:\/\/lelephant.pt\/fr\/about\/\",\"name\":\"About - L&#039;\u00c9l\u00e9phant\",\"isPartOf\":{\"@id\":\"https:\/\/lelephant.pt\/#website\"},\"datePublished\":\"2024-02-12T16:32:43+00:00\",\"breadcrumb\":{\"@id\":\"https:\/\/lelephant.pt\/fr\/about\/#breadcrumb\"},\"inLanguage\":\"fr-FR\",\"potentialAction\":[{\"@type\":\"ReadAction\",\"target\":[\"https:\/\/lelephant.pt\/fr\/about\/\"]}]},{\"@type\":\"BreadcrumbList\",\"@id\":\"https:\/\/lelephant.pt\/fr\/about\/#breadcrumb\",\"itemListElement\":[{\"@type\":\"ListItem\",\"position\":1,\"name\":\"In\u00edcio\",\"item\":\"https:\/\/lelephant.pt\/fr\/\"},{\"@type\":\"ListItem\",\"position\":2,\"name\":\"About\"}]},{\"@type\":\"WebSite\",\"@id\":\"https:\/\/lelephant.pt\/#website\",\"url\":\"https:\/\/lelephant.pt\/\",\"name\":\"L\u00b4\u00e9l\u00e9phant\",\"description\":\"Design de interiores - Arquitetura - Consultoria\",\"publisher\":{\"@id\":\"https:\/\/lelephant.pt\/#organization\"},\"potentialAction\":[{\"@type\":\"SearchAction\",\"target\":{\"@type\":\"EntryPoint\",\"urlTemplate\":\"https:\/\/lelephant.pt\/?s={search_term_string}\"},\"query-input\":{\"@type\":\"PropertyValueSpecification\",\"valueRequired\":true,\"valueName\":\"search_term_string\"}}],\"inLanguage\":\"fr-FR\"},{\"@type\":\"Organization\",\"@id\":\"https:\/\/lelephant.pt\/#organization\",\"name\":\"L\u00b4\u00e9l\u00e9phant\",\"url\":\"https:\/\/lelephant.pt\/\",\"logo\":{\"@type\":\"ImageObject\",\"inLanguage\":\"fr-FR\",\"@id\":\"https:\/\/lelephant.pt\/#\/schema\/logo\/image\/\",\"url\":\"https:\/\/lelephant.pt\/wp-content\/uploads\/2024\/02\/cropped-Logo-Preto_1.png\",\"contentUrl\":\"https:\/\/lelephant.pt\/wp-content\/uploads\/2024\/02\/cropped-Logo-Preto_1.png\",\"width\":512,\"height\":512,\"caption\":\"L\u00b4\u00e9l\u00e9phant\"},\"image\":{\"@id\":\"https:\/\/lelephant.pt\/#\/schema\/logo\/image\/\"},\"sameAs\":[\"https:\/\/www.facebook.com\/lelephantinteriors\/\",\"https:\/\/www.instagram.com\/LELEPHANT_INTERIORS\/\"]}]}<\/script>\n<!-- \/ Yoast SEO plugin. -->","yoast_head_json":{"title":"About - L&#039;\u00c9l\u00e9phant","robots":{"index":"index","follow":"follow","max-snippet":"max-snippet:-1","max-image-preview":"max-image-preview:large","max-video-preview":"max-video-preview:-1"},"canonical":"https:\/\/lelephant.pt\/fr\/about\/","og_locale":"fr_FR","og_type":"article","og_title":"About - L&#039;\u00c9l\u00e9phant","og_description":"[vc_row el_class=\u00a0\u00bbzona1&Prime;][vc_column][vc_column_text el_class=\u00a0\u00bbconteudo-vertical\u00a0\u00bb][\/vc_column_text][\/vc_column][\/vc_row][vc_row el_class=\u00a0\u00bbzona2 desktop-none\u00a0\u00bb][vc_column][vc_column_text el_class=\u00a0\u00bbzonaHorizontal\u00a0\u00bb][\/vc_column_text][vc_column_text el_class=\u00a0\u00bbzonaHorizontal zonaHorizontal2&Prime;][\/vc_column_text][\/vc_column][\/vc_row][vc_row el_class=\u00a0\u00bbmobile-none\u00a0\u00bb][vc_column][vc_column_text el_class=\u00a0\u00bbzonaHorizontal\u00a0\u00bb][\/vc_column_text][vc_column_text][\/vc_column_text][\/vc_column][\/vc_row][vc_row el_class=\u00a0\u00bbzona3&Prime;][vc_column][vc_single_image image=\u00a0\u00bb360&Prime; img_size=\u00a0\u00bbfull\u00a0\u00bb el_class=\u00a0\u00bbimg-about-footer conteudo-vertical-2&Prime;][\/vc_column][\/vc_row]","og_url":"https:\/\/lelephant.pt\/fr\/about\/","og_site_name":"L&#039;\u00c9l\u00e9phant","article_publisher":"https:\/\/www.facebook.com\/lelephantinteriors\/","twitter_card":"summary_large_image","twitter_misc":{"Dur\u00e9e de lecture estim\u00e9e":"1 minute"},"schema":{"@context":"https:\/\/schema.org","@graph":[{"@type":"WebPage","@id":"https:\/\/lelephant.pt\/fr\/about\/","url":"https:\/\/lelephant.pt\/fr\/about\/","name":"About - L&#039;\u00c9l\u00e9phant","isPartOf":{"@id":"https:\/\/lelephant.pt\/#website"},"datePublished":"2024-02-12T16:32:43+00:00","breadcrumb":{"@id":"https:\/\/lelephant.pt\/fr\/about\/#breadcrumb"},"inLanguage":"fr-FR","potentialAction":[{"@type":"ReadAction","target":["https:\/\/lelephant.pt\/fr\/about\/"]}]},{"@type":"BreadcrumbList","@id":"https:\/\/lelephant.pt\/fr\/about\/#breadcrumb","itemListElement":[{"@type":"ListItem","position":1,"name":"In\u00edcio","item":"https:\/\/lelephant.pt\/fr\/"},{"@type":"ListItem","position":2,"name":"About"}]},{"@type":"WebSite","@id":"https:\/\/lelephant.pt\/#website","url":"https:\/\/lelephant.pt\/","name":"L\u00b4\u00e9l\u00e9phant","description":"Design de interiores - Arquitetura - Consultoria","publisher":{"@id":"https:\/\/lelephant.pt\/#organization"},"potentialAction":[{"@type":"SearchAction","target":{"@type":"EntryPoint","urlTemplate":"https:\/\/lelephant.pt\/?s={search_term_string}"},"query-input":{"@type":"PropertyValueSpecification","valueRequired":true,"valueName":"search_term_string"}}],"inLanguage":"fr-FR"},{"@type":"Organization","@id":"https:\/\/lelephant.pt\/#organization","name":"L\u00b4\u00e9l\u00e9phant","url":"https:\/\/lelephant.pt\/","logo":{"@type":"ImageObject","inLanguage":"fr-FR","@id":"https:\/\/lelephant.pt\/#\/schema\/logo\/image\/","url":"https:\/\/lelephant.pt\/wp-content\/uploads\/2024\/02\/cropped-Logo-Preto_1.png","contentUrl":"https:\/\/lelephant.pt\/wp-content\/uploads\/2024\/02\/cropped-Logo-Preto_1.png","width":512,"height":512,"caption":"L\u00b4\u00e9l\u00e9phant"},"image":{"@id":"https:\/\/lelephant.pt\/#\/schema\/logo\/image\/"},"sameAs":["https:\/\/www.facebook.com\/lelephantinteriors\/","https:\/\/www.instagram.com\/LELEPHANT_INTERIORS\/"]}]}},"_links":{"self":[{"href":"https:\/\/lelephant.pt\/fr\/wp-json\/wp\/v2\/pages\/1578","targetHints":{"allow":["GET"]}}],"collection":[{"href":"https:\/\/lelephant.pt\/fr\/wp-json\/wp\/v2\/pages"}],"about":[{"href":"https:\/\/lelephant.pt\/fr\/wp-json\/wp\/v2\/types\/page"}],"author":[{"embeddable":true,"href":"https:\/\/lelephant.pt\/fr\/wp-json\/wp\/v2\/users\/1"}],"replies":[{"embeddable":true,"href":"https:\/\/lelephant.pt\/fr\/wp-json\/wp\/v2\/comments?post=1578"}],"version-history":[{"count":0,"href":"https:\/\/lelephant.pt\/fr\/wp-json\/wp\/v2\/pages\/1578\/revisions"}],"wp:attachment":[{"href":"https:\/\/lelephant.pt\/fr\/wp-json\/wp\/v2\/media?parent=1578"}],"curies":[{"name":"wp","href":"https:\/\/api.w.org\/{rel}","templated":true}]}}