{"id":1577,"date":"2024-04-26T13:09:12","date_gmt":"2024-04-26T13:09:12","guid":{"rendered":"https:\/\/lelephant.pt\/404-2\/"},"modified":"2024-06-13T10:52:00","modified_gmt":"2024-06-13T10:52:00","slug":"404-2","status":"publish","type":"page","link":"https:\/\/lelephant.pt\/fr\/404-2\/","title":{"rendered":"404"},"content":{"rendered":"<p>[vc_row css=\u00a0\u00bb.vc_custom_1714137386311{padding-top: 30vh !important;padding-bottom: 30vh !important;}\u00a0\u00bb][vc_column][vc_column_text]<\/p>\n<h1 style=\"text-align: center;\">404<\/h1>\n<h2 style=\"text-align: center;\">Page non trouv\u00e9e<\/h2>\n<p style=\"text-align: center;\">Veuillez confirmer que vous avez saisi correctement l&rsquo;adresse souhait\u00e9e et r\u00e9essayer.<\/p>\n<p style=\"text-align: center;\">LELEPHANT<\/p>\n<p>[\/vc_column_text][\/vc_column][\/vc_row]<\/p>\n","protected":false},"excerpt":{"rendered":"<p>[vc_row css=\u00a0\u00bb.vc_custom_1714137386311{padding-top: 30vh !important;padding-bottom: 30vh !important;}\u00a0\u00bb][vc_column][vc_column_text] 404 Page non trouv\u00e9e Veuillez confirmer que vous avez saisi correctement l&rsquo;adresse souhait\u00e9e et r\u00e9essayer. LELEPHANT [\/vc_column_text][\/vc_column][\/vc_row]<\/p>\n","protected":false},"author":1,"featured_media":0,"parent":0,"menu_order":0,"comment_status":"closed","ping_status":"closed","template":"","meta":{"_monsterinsights_skip_tracking":false,"_monsterinsights_sitenote_active":false,"_monsterinsights_sitenote_note":"","_monsterinsights_sitenote_category":0,"footnotes":""},"class_list":["post-1577","page","type-page","status-publish","hentry"],"yoast_head":"<!-- This site is optimized with the Yoast SEO plugin v27.2 - https:\/\/yoast.com\/product\/yoast-seo-wordpress\/ -->\n<title>404 - L&#039;\u00c9l\u00e9phant<\/title>\n<meta name=\"robots\" content=\"index, follow, max-snippet:-1, max-image-preview:large, max-video-preview:-1\" \/>\n<link rel=\"canonical\" href=\"https:\/\/lelephant.pt\/fr\/404-2\/\" \/>\n<meta property=\"og:locale\" content=\"fr_FR\" \/>\n<meta property=\"og:type\" content=\"article\" \/>\n<meta property=\"og:title\" content=\"404 - L&#039;\u00c9l\u00e9phant\" \/>\n<meta property=\"og:description\" content=\"[vc_row css=\u00a0\u00bb.vc_custom_1714137386311{padding-top: 30vh !important;padding-bottom: 30vh !important;}\u00a0\u00bb][vc_column][vc_column_text] 404 Page non trouv\u00e9e Veuillez confirmer que vous avez saisi correctement l&rsquo;adresse souhait\u00e9e et r\u00e9essayer. LELEPHANT [\/vc_column_text][\/vc_column][\/vc_row]\" \/>\n<meta property=\"og:url\" content=\"https:\/\/lelephant.pt\/fr\/404-2\/\" \/>\n<meta property=\"og:site_name\" content=\"L&#039;\u00c9l\u00e9phant\" \/>\n<meta property=\"article:publisher\" content=\"https:\/\/www.facebook.com\/lelephantinteriors\/\" \/>\n<meta property=\"article:modified_time\" content=\"2024-06-13T10:52:00+00:00\" \/>\n<meta name=\"twitter:card\" content=\"summary_large_image\" \/>\n<meta name=\"twitter:label1\" content=\"Dur\u00e9e de lecture estim\u00e9e\" \/>\n\t<meta name=\"twitter:data1\" content=\"1 minute\" \/>\n<script type=\"application\/ld+json\" class=\"yoast-schema-graph\">{\"@context\":\"https:\/\/schema.org\",\"@graph\":[{\"@type\":\"WebPage\",\"@id\":\"https:\/\/lelephant.pt\/fr\/404-2\/\",\"url\":\"https:\/\/lelephant.pt\/fr\/404-2\/\",\"name\":\"404 - L&#039;\u00c9l\u00e9phant\",\"isPartOf\":{\"@id\":\"https:\/\/lelephant.pt\/#website\"},\"datePublished\":\"2024-04-26T13:09:12+00:00\",\"dateModified\":\"2024-06-13T10:52:00+00:00\",\"breadcrumb\":{\"@id\":\"https:\/\/lelephant.pt\/fr\/404-2\/#breadcrumb\"},\"inLanguage\":\"fr-FR\",\"potentialAction\":[{\"@type\":\"ReadAction\",\"target\":[\"https:\/\/lelephant.pt\/fr\/404-2\/\"]}]},{\"@type\":\"BreadcrumbList\",\"@id\":\"https:\/\/lelephant.pt\/fr\/404-2\/#breadcrumb\",\"itemListElement\":[{\"@type\":\"ListItem\",\"position\":1,\"name\":\"In\u00edcio\",\"item\":\"https:\/\/lelephant.pt\/fr\/\"},{\"@type\":\"ListItem\",\"position\":2,\"name\":\"404\"}]},{\"@type\":\"WebSite\",\"@id\":\"https:\/\/lelephant.pt\/#website\",\"url\":\"https:\/\/lelephant.pt\/\",\"name\":\"L\u00b4\u00e9l\u00e9phant\",\"description\":\"Design de interiores - Arquitetura - Consultoria\",\"publisher\":{\"@id\":\"https:\/\/lelephant.pt\/#organization\"},\"potentialAction\":[{\"@type\":\"SearchAction\",\"target\":{\"@type\":\"EntryPoint\",\"urlTemplate\":\"https:\/\/lelephant.pt\/?s={search_term_string}\"},\"query-input\":{\"@type\":\"PropertyValueSpecification\",\"valueRequired\":true,\"valueName\":\"search_term_string\"}}],\"inLanguage\":\"fr-FR\"},{\"@type\":\"Organization\",\"@id\":\"https:\/\/lelephant.pt\/#organization\",\"name\":\"L\u00b4\u00e9l\u00e9phant\",\"url\":\"https:\/\/lelephant.pt\/\",\"logo\":{\"@type\":\"ImageObject\",\"inLanguage\":\"fr-FR\",\"@id\":\"https:\/\/lelephant.pt\/#\/schema\/logo\/image\/\",\"url\":\"https:\/\/lelephant.pt\/wp-content\/uploads\/2024\/02\/cropped-Logo-Preto_1.png\",\"contentUrl\":\"https:\/\/lelephant.pt\/wp-content\/uploads\/2024\/02\/cropped-Logo-Preto_1.png\",\"width\":512,\"height\":512,\"caption\":\"L\u00b4\u00e9l\u00e9phant\"},\"image\":{\"@id\":\"https:\/\/lelephant.pt\/#\/schema\/logo\/image\/\"},\"sameAs\":[\"https:\/\/www.facebook.com\/lelephantinteriors\/\",\"https:\/\/www.instagram.com\/LELEPHANT_INTERIORS\/\"]}]}<\/script>\n<!-- \/ Yoast SEO plugin. -->","yoast_head_json":{"title":"404 - L&#039;\u00c9l\u00e9phant","robots":{"index":"index","follow":"follow","max-snippet":"max-snippet:-1","max-image-preview":"max-image-preview:large","max-video-preview":"max-video-preview:-1"},"canonical":"https:\/\/lelephant.pt\/fr\/404-2\/","og_locale":"fr_FR","og_type":"article","og_title":"404 - L&#039;\u00c9l\u00e9phant","og_description":"[vc_row css=\u00a0\u00bb.vc_custom_1714137386311{padding-top: 30vh !important;padding-bottom: 30vh !important;}\u00a0\u00bb][vc_column][vc_column_text] 404 Page non trouv\u00e9e Veuillez confirmer que vous avez saisi correctement l&rsquo;adresse souhait\u00e9e et r\u00e9essayer. LELEPHANT [\/vc_column_text][\/vc_column][\/vc_row]","og_url":"https:\/\/lelephant.pt\/fr\/404-2\/","og_site_name":"L&#039;\u00c9l\u00e9phant","article_publisher":"https:\/\/www.facebook.com\/lelephantinteriors\/","article_modified_time":"2024-06-13T10:52:00+00:00","twitter_card":"summary_large_image","twitter_misc":{"Dur\u00e9e de lecture estim\u00e9e":"1 minute"},"schema":{"@context":"https:\/\/schema.org","@graph":[{"@type":"WebPage","@id":"https:\/\/lelephant.pt\/fr\/404-2\/","url":"https:\/\/lelephant.pt\/fr\/404-2\/","name":"404 - L&#039;\u00c9l\u00e9phant","isPartOf":{"@id":"https:\/\/lelephant.pt\/#website"},"datePublished":"2024-04-26T13:09:12+00:00","dateModified":"2024-06-13T10:52:00+00:00","breadcrumb":{"@id":"https:\/\/lelephant.pt\/fr\/404-2\/#breadcrumb"},"inLanguage":"fr-FR","potentialAction":[{"@type":"ReadAction","target":["https:\/\/lelephant.pt\/fr\/404-2\/"]}]},{"@type":"BreadcrumbList","@id":"https:\/\/lelephant.pt\/fr\/404-2\/#breadcrumb","itemListElement":[{"@type":"ListItem","position":1,"name":"In\u00edcio","item":"https:\/\/lelephant.pt\/fr\/"},{"@type":"ListItem","position":2,"name":"404"}]},{"@type":"WebSite","@id":"https:\/\/lelephant.pt\/#website","url":"https:\/\/lelephant.pt\/","name":"L\u00b4\u00e9l\u00e9phant","description":"Design de interiores - Arquitetura - Consultoria","publisher":{"@id":"https:\/\/lelephant.pt\/#organization"},"potentialAction":[{"@type":"SearchAction","target":{"@type":"EntryPoint","urlTemplate":"https:\/\/lelephant.pt\/?s={search_term_string}"},"query-input":{"@type":"PropertyValueSpecification","valueRequired":true,"valueName":"search_term_string"}}],"inLanguage":"fr-FR"},{"@type":"Organization","@id":"https:\/\/lelephant.pt\/#organization","name":"L\u00b4\u00e9l\u00e9phant","url":"https:\/\/lelephant.pt\/","logo":{"@type":"ImageObject","inLanguage":"fr-FR","@id":"https:\/\/lelephant.pt\/#\/schema\/logo\/image\/","url":"https:\/\/lelephant.pt\/wp-content\/uploads\/2024\/02\/cropped-Logo-Preto_1.png","contentUrl":"https:\/\/lelephant.pt\/wp-content\/uploads\/2024\/02\/cropped-Logo-Preto_1.png","width":512,"height":512,"caption":"L\u00b4\u00e9l\u00e9phant"},"image":{"@id":"https:\/\/lelephant.pt\/#\/schema\/logo\/image\/"},"sameAs":["https:\/\/www.facebook.com\/lelephantinteriors\/","https:\/\/www.instagram.com\/LELEPHANT_INTERIORS\/"]}]}},"_links":{"self":[{"href":"https:\/\/lelephant.pt\/fr\/wp-json\/wp\/v2\/pages\/1577","targetHints":{"allow":["GET"]}}],"collection":[{"href":"https:\/\/lelephant.pt\/fr\/wp-json\/wp\/v2\/pages"}],"about":[{"href":"https:\/\/lelephant.pt\/fr\/wp-json\/wp\/v2\/types\/page"}],"author":[{"embeddable":true,"href":"https:\/\/lelephant.pt\/fr\/wp-json\/wp\/v2\/users\/1"}],"replies":[{"embeddable":true,"href":"https:\/\/lelephant.pt\/fr\/wp-json\/wp\/v2\/comments?post=1577"}],"version-history":[{"count":0,"href":"https:\/\/lelephant.pt\/fr\/wp-json\/wp\/v2\/pages\/1577\/revisions"}],"wp:attachment":[{"href":"https:\/\/lelephant.pt\/fr\/wp-json\/wp\/v2\/media?parent=1577"}],"curies":[{"name":"wp","href":"https:\/\/api.w.org\/{rel}","templated":true}]}}