{"id":1572,"date":"2024-02-08T18:05:59","date_gmt":"2024-02-08T18:05:59","guid":{"rendered":"https:\/\/lelephant.pt\/homepage\/"},"modified":"2024-06-13T11:01:07","modified_gmt":"2024-06-13T11:01:07","slug":"homepage","status":"publish","type":"page","link":"https:\/\/lelephant.pt\/fr\/","title":{"rendered":"Homepage"},"content":{"rendered":"<p>[vc_row css_animation=\u00a0\u00bbnone\u00a0\u00bb][vc_column el_class=\u00a0\u00bbooverflow\u00a0\u00bb][vc_column_text el_class=\u00a0\u00bboverflow-teste\u00a0\u00bb]    <div class=\"cortina\"><\/div>\n\n\t<div class=\"seta-mobile-wev\">\n\t\t<img decoding=\"async\" src=\"\/wp-content\/uploads\/2024\/03\/setinha.png\" alt=\"Seta\">\n\t<\/div>\n\n    <div class=\"slick-slider slick-slider-1\" style=\"width: 100%; position: absolute; top: 0;\">\n                              <div class=\"slide-item\" style=\"background-image: url('https:\/\/lelephant.pt\/wp-content\/uploads\/2024\/02\/1.png');\">\n                            <!-- Conte\u00fado opcional para o slide -->\n                        <\/div>\n                                                <div class=\"slide-item\" style=\"background-image: url('https:\/\/lelephant.pt\/wp-content\/uploads\/2024\/02\/2-Copia.png');\">\n                            <!-- Conte\u00fado opcional para o slide -->\n                        <\/div>\n                                                <div class=\"slide-item\" style=\"background-image: url('https:\/\/lelephant.pt\/wp-content\/uploads\/2024\/02\/3.png');\">\n                            <!-- Conte\u00fado opcional para o slide -->\n                        <\/div>\n                            <\/div>\n    \n    <div class=\"slick-slider slick-slider-2\" style=\"width: 40%; margin-left: 100vw;\">\n                              <div class=\"slide-item\" style=\"background-image: url('https:\/\/lelephant.pt\/wp-content\/uploads\/2024\/02\/4.png');\">\n                            <!-- Conte\u00fado opcional para o slide -->\n                        <\/div>\n                            <\/div>\n    \n    <div class=\"slick-texto\" style=\"width: 30%;\">\n\n    \t    <div class=\"slick-texto-2\">\n    \t    \t<h6>L\u00b4\u00c9L\u00c9PHANT<\/h6>\n    \t    <p>Nous habillons et cr\u00e9ons des espaces qui refl\u00e8tent l'histoire individuelle de nos clients, en combinant des styles et des inspirations distincts. Notre approche est ainsi bas\u00e9e sur l'exploration continue, un fort \u00e9cho \u00e9motionnel et une attention aux d\u00e9tails.<\/p>\n\n\n    \t    <\/div>\n\n    <\/div>\n        <div class=\"slick-slider slick-slider-3\" style=\"width: 30%;\">\n                              <div class=\"slide-item\" style=\"background-image: url('https:\/\/lelephant.pt\/wp-content\/uploads\/2024\/02\/w.png');\">\n                            <!-- Conte\u00fado opcional para o slide -->\n                        <\/div>\n                            <\/div>\n        <div class=\"slick-slider slick-slider-4\" style=\"width: 41%;\">\n                                 <div class=\"slide-item\" style=\"background-image: url('https:\/\/lelephant.pt\/wp-content\/uploads\/2024\/02\/r.png');\">\n                            <!-- Conte\u00fado opcional para o slide -->\n                        <\/div>\n                                                <div class=\"slide-item\" style=\"background-image: url('https:\/\/lelephant.pt\/wp-content\/uploads\/2024\/02\/lelephant-projetos-travassos-115-2.jpg');\">\n                            <!-- Conte\u00fado opcional para o slide -->\n                        <\/div>\n                                                <div class=\"slide-item\" style=\"background-image: url('https:\/\/lelephant.pt\/wp-content\/uploads\/2024\/02\/e.png');\">\n                            <!-- Conte\u00fado opcional para o slide -->\n                        <\/div>\n                            <\/div>\n    [\/vc_column_text][vc_column_text el_class=\u00a0\u00bbhidden\u00a0\u00bb]<\/p>\n<h6 class=\"traco-grande\">FAITES D\u00c9FILER POUR PARCOURIR<\/h6>\n<p>[\/vc_column_text][vc_raw_html]JTNDZGl2JTIwaWQlM0QlMjJzY3JvbGwtZG93bi1hbmltYXRpb24lMjIlM0UlMEElMjAlMjAlM0NzcGFuJTIwY2xhc3MlM0QlMjJtb3VzZSUyMiUzRSUwQSUyMCUyMCUyMCUyMCUzQ3NwYW4lMjBjbGFzcyUzRCUyMm1vdmUlMjIlM0UlM0MlMkZzcGFuJTNFJTBBJTIwJTIwJTNDJTJGc3BhbiUzRSUwQSUyMCUyMCUzQ3NwYW4lMjBjbGFzcyUzRCUyMmluZGljYXRvciUyMiUzRUZhaXRlcyUyMGQlQzMlQTlmaWxlciUyMHBvdXIlMjBwYXJjb3VyaXIlM0MlMkZzcGFuJTNFJTBBJTNDJTJGZGl2JTNF[\/vc_raw_html][\/vc_column][\/vc_row][vc_row][vc_column][vc_column_text]<div id=\"video-container\"><video width=\"100%\" height=\"auto\" controls autoplay muted><source src=\"\/wp-content\/uploads\/2024\/02\/lelephant-projetos-interiores6.mp4\" type=\"video\/mp4\">Seu navegador n\u00e3o suporta o elemento de v\u00eddeo.<\/video><\/div>[\/vc_column_text][\/vc_column][\/vc_row]<\/p>\n","protected":false},"excerpt":{"rendered":"<p>[vc_row css_animation=\u00a0\u00bbnone\u00a0\u00bb][vc_column el_class=\u00a0\u00bbooverflow\u00a0\u00bb][vc_column_text el_class=\u00a0\u00bboverflow-teste\u00a0\u00bb][\/vc_column_text][vc_column_text el_class=\u00a0\u00bbhidden\u00a0\u00bb] FAITES D\u00c9FILER POUR PARCOURIR [\/vc_column_text][vc_raw_html]JTNDZGl2JTIwaWQlM0QlMjJzY3JvbGwtZG93bi1hbmltYXRpb24lMjIlM0UlMEElMjAlMjAlM0NzcGFuJTIwY2xhc3MlM0QlMjJtb3VzZSUyMiUzRSUwQSUyMCUyMCUyMCUyMCUzQ3NwYW4lMjBjbGFzcyUzRCUyMm1vdmUlMjIlM0UlM0MlMkZzcGFuJTNFJTBBJTIwJTIwJTNDJTJGc3BhbiUzRSUwQSUyMCUyMCUzQ3NwYW4lMjBjbGFzcyUzRCUyMmluZGljYXRvciUyMiUzRUZhaXRlcyUyMGQlQzMlQTlmaWxlciUyMHBvdXIlMjBwYXJjb3VyaXIlM0MlMkZzcGFuJTNFJTBBJTNDJTJGZGl2JTNF[\/vc_raw_html][\/vc_column][\/vc_row][vc_row][vc_column][vc_column_text][\/vc_column_text][\/vc_column][\/vc_row]<\/p>\n","protected":false},"author":1,"featured_media":0,"parent":0,"menu_order":0,"comment_status":"closed","ping_status":"closed","template":"","meta":{"_monsterinsights_skip_tracking":false,"_monsterinsights_sitenote_active":false,"_monsterinsights_sitenote_note":"","_monsterinsights_sitenote_category":0,"footnotes":""},"class_list":["post-1572","page","type-page","status-publish","hentry"],"yoast_head":"<!-- This site is optimized with the Yoast SEO plugin v27.2 - https:\/\/yoast.com\/product\/yoast-seo-wordpress\/ -->\n<title>L&#039;\u00c9l\u00e9phant - Design de interiores - Arquitetura - Consultoria<\/title>\n<meta name=\"description\" content=\"Somos uma equipa multidisciplinar e partilhamos a dedica\u00e7\u00e3o profunda \u00e0 arte e \u00e0 busca incessante pela qualidade na execu\u00e7\u00e3o dos projetos, em cada uma das diferentes etapas.\" \/>\n<meta name=\"robots\" content=\"index, follow, max-snippet:-1, max-image-preview:large, max-video-preview:-1\" \/>\n<link rel=\"canonical\" href=\"https:\/\/lelephant.pt\/fr\/\" \/>\n<meta property=\"og:locale\" content=\"fr_FR\" \/>\n<meta property=\"og:type\" content=\"article\" \/>\n<meta property=\"og:title\" content=\"L&#039;\u00c9l\u00e9phant - Design de interiores - Arquitetura - Consultoria\" \/>\n<meta property=\"og:description\" content=\"Somos uma equipa multidisciplinar e partilhamos a dedica\u00e7\u00e3o profunda \u00e0 arte e \u00e0 busca incessante pela qualidade na execu\u00e7\u00e3o dos projetos, em cada uma das diferentes etapas.\" \/>\n<meta property=\"og:url\" content=\"https:\/\/lelephant.pt\/fr\/\" \/>\n<meta property=\"og:site_name\" content=\"L&#039;\u00c9l\u00e9phant\" \/>\n<meta property=\"article:publisher\" content=\"https:\/\/www.facebook.com\/lelephantinteriors\/\" \/>\n<meta property=\"article:modified_time\" content=\"2024-06-13T11:01:07+00:00\" \/>\n<meta name=\"twitter:card\" content=\"summary_large_image\" \/>\n<meta name=\"twitter:label1\" content=\"Dur\u00e9e de lecture estim\u00e9e\" \/>\n\t<meta name=\"twitter:data1\" content=\"1 minute\" \/>\n<script type=\"application\/ld+json\" class=\"yoast-schema-graph\">{\"@context\":\"https:\/\/schema.org\",\"@graph\":[{\"@type\":\"WebPage\",\"@id\":\"https:\/\/lelephant.pt\/fr\/\",\"url\":\"https:\/\/lelephant.pt\/fr\/\",\"name\":\"L&#039;\u00c9l\u00e9phant - Design de interiores - Arquitetura - Consultoria\",\"isPartOf\":{\"@id\":\"https:\/\/lelephant.pt\/#website\"},\"datePublished\":\"2024-02-08T18:05:59+00:00\",\"dateModified\":\"2024-06-13T11:01:07+00:00\",\"description\":\"Somos uma equipa multidisciplinar e partilhamos a dedica\u00e7\u00e3o profunda \u00e0 arte e \u00e0 busca incessante pela qualidade na execu\u00e7\u00e3o dos projetos, em cada uma das diferentes etapas.\",\"breadcrumb\":{\"@id\":\"https:\/\/lelephant.pt\/fr\/#breadcrumb\"},\"inLanguage\":\"fr-FR\",\"potentialAction\":[{\"@type\":\"ReadAction\",\"target\":[\"https:\/\/lelephant.pt\/fr\/\"]}]},{\"@type\":\"BreadcrumbList\",\"@id\":\"https:\/\/lelephant.pt\/fr\/#breadcrumb\",\"itemListElement\":[{\"@type\":\"ListItem\",\"position\":1,\"name\":\"In\u00edcio\",\"item\":\"https:\/\/lelephant.pt\/fr\/\"},{\"@type\":\"ListItem\",\"position\":2,\"name\":\"Homepage\"}]},{\"@type\":\"WebSite\",\"@id\":\"https:\/\/lelephant.pt\/#website\",\"url\":\"https:\/\/lelephant.pt\/\",\"name\":\"L\u00b4\u00e9l\u00e9phant\",\"description\":\"Design de interiores - Arquitetura - Consultoria\",\"publisher\":{\"@id\":\"https:\/\/lelephant.pt\/#organization\"},\"potentialAction\":[{\"@type\":\"SearchAction\",\"target\":{\"@type\":\"EntryPoint\",\"urlTemplate\":\"https:\/\/lelephant.pt\/?s={search_term_string}\"},\"query-input\":{\"@type\":\"PropertyValueSpecification\",\"valueRequired\":true,\"valueName\":\"search_term_string\"}}],\"inLanguage\":\"fr-FR\"},{\"@type\":\"Organization\",\"@id\":\"https:\/\/lelephant.pt\/#organization\",\"name\":\"L\u00b4\u00e9l\u00e9phant\",\"url\":\"https:\/\/lelephant.pt\/\",\"logo\":{\"@type\":\"ImageObject\",\"inLanguage\":\"fr-FR\",\"@id\":\"https:\/\/lelephant.pt\/#\/schema\/logo\/image\/\",\"url\":\"https:\/\/lelephant.pt\/wp-content\/uploads\/2024\/02\/cropped-Logo-Preto_1.png\",\"contentUrl\":\"https:\/\/lelephant.pt\/wp-content\/uploads\/2024\/02\/cropped-Logo-Preto_1.png\",\"width\":512,\"height\":512,\"caption\":\"L\u00b4\u00e9l\u00e9phant\"},\"image\":{\"@id\":\"https:\/\/lelephant.pt\/#\/schema\/logo\/image\/\"},\"sameAs\":[\"https:\/\/www.facebook.com\/lelephantinteriors\/\",\"https:\/\/www.instagram.com\/LELEPHANT_INTERIORS\/\"]}]}<\/script>\n<!-- \/ Yoast SEO plugin. -->","yoast_head_json":{"title":"L&#039;\u00c9l\u00e9phant - Design de interiores - Arquitetura - Consultoria","description":"Somos uma equipa multidisciplinar e partilhamos a dedica\u00e7\u00e3o profunda \u00e0 arte e \u00e0 busca incessante pela qualidade na execu\u00e7\u00e3o dos projetos, em cada uma das diferentes etapas.","robots":{"index":"index","follow":"follow","max-snippet":"max-snippet:-1","max-image-preview":"max-image-preview:large","max-video-preview":"max-video-preview:-1"},"canonical":"https:\/\/lelephant.pt\/fr\/","og_locale":"fr_FR","og_type":"article","og_title":"L&#039;\u00c9l\u00e9phant - Design de interiores - Arquitetura - Consultoria","og_description":"Somos uma equipa multidisciplinar e partilhamos a dedica\u00e7\u00e3o profunda \u00e0 arte e \u00e0 busca incessante pela qualidade na execu\u00e7\u00e3o dos projetos, em cada uma das diferentes etapas.","og_url":"https:\/\/lelephant.pt\/fr\/","og_site_name":"L&#039;\u00c9l\u00e9phant","article_publisher":"https:\/\/www.facebook.com\/lelephantinteriors\/","article_modified_time":"2024-06-13T11:01:07+00:00","twitter_card":"summary_large_image","twitter_misc":{"Dur\u00e9e de lecture estim\u00e9e":"1 minute"},"schema":{"@context":"https:\/\/schema.org","@graph":[{"@type":"WebPage","@id":"https:\/\/lelephant.pt\/fr\/","url":"https:\/\/lelephant.pt\/fr\/","name":"L&#039;\u00c9l\u00e9phant - Design de interiores - Arquitetura - Consultoria","isPartOf":{"@id":"https:\/\/lelephant.pt\/#website"},"datePublished":"2024-02-08T18:05:59+00:00","dateModified":"2024-06-13T11:01:07+00:00","description":"Somos uma equipa multidisciplinar e partilhamos a dedica\u00e7\u00e3o profunda \u00e0 arte e \u00e0 busca incessante pela qualidade na execu\u00e7\u00e3o dos projetos, em cada uma das diferentes etapas.","breadcrumb":{"@id":"https:\/\/lelephant.pt\/fr\/#breadcrumb"},"inLanguage":"fr-FR","potentialAction":[{"@type":"ReadAction","target":["https:\/\/lelephant.pt\/fr\/"]}]},{"@type":"BreadcrumbList","@id":"https:\/\/lelephant.pt\/fr\/#breadcrumb","itemListElement":[{"@type":"ListItem","position":1,"name":"In\u00edcio","item":"https:\/\/lelephant.pt\/fr\/"},{"@type":"ListItem","position":2,"name":"Homepage"}]},{"@type":"WebSite","@id":"https:\/\/lelephant.pt\/#website","url":"https:\/\/lelephant.pt\/","name":"L\u00b4\u00e9l\u00e9phant","description":"Design de interiores - Arquitetura - Consultoria","publisher":{"@id":"https:\/\/lelephant.pt\/#organization"},"potentialAction":[{"@type":"SearchAction","target":{"@type":"EntryPoint","urlTemplate":"https:\/\/lelephant.pt\/?s={search_term_string}"},"query-input":{"@type":"PropertyValueSpecification","valueRequired":true,"valueName":"search_term_string"}}],"inLanguage":"fr-FR"},{"@type":"Organization","@id":"https:\/\/lelephant.pt\/#organization","name":"L\u00b4\u00e9l\u00e9phant","url":"https:\/\/lelephant.pt\/","logo":{"@type":"ImageObject","inLanguage":"fr-FR","@id":"https:\/\/lelephant.pt\/#\/schema\/logo\/image\/","url":"https:\/\/lelephant.pt\/wp-content\/uploads\/2024\/02\/cropped-Logo-Preto_1.png","contentUrl":"https:\/\/lelephant.pt\/wp-content\/uploads\/2024\/02\/cropped-Logo-Preto_1.png","width":512,"height":512,"caption":"L\u00b4\u00e9l\u00e9phant"},"image":{"@id":"https:\/\/lelephant.pt\/#\/schema\/logo\/image\/"},"sameAs":["https:\/\/www.facebook.com\/lelephantinteriors\/","https:\/\/www.instagram.com\/LELEPHANT_INTERIORS\/"]}]}},"_links":{"self":[{"href":"https:\/\/lelephant.pt\/fr\/wp-json\/wp\/v2\/pages\/1572","targetHints":{"allow":["GET"]}}],"collection":[{"href":"https:\/\/lelephant.pt\/fr\/wp-json\/wp\/v2\/pages"}],"about":[{"href":"https:\/\/lelephant.pt\/fr\/wp-json\/wp\/v2\/types\/page"}],"author":[{"embeddable":true,"href":"https:\/\/lelephant.pt\/fr\/wp-json\/wp\/v2\/users\/1"}],"replies":[{"embeddable":true,"href":"https:\/\/lelephant.pt\/fr\/wp-json\/wp\/v2\/comments?post=1572"}],"version-history":[{"count":0,"href":"https:\/\/lelephant.pt\/fr\/wp-json\/wp\/v2\/pages\/1572\/revisions"}],"wp:attachment":[{"href":"https:\/\/lelephant.pt\/fr\/wp-json\/wp\/v2\/media?parent=1572"}],"curies":[{"name":"wp","href":"https:\/\/api.w.org\/{rel}","templated":true}]}}