{"id":500,"date":"2024-02-14T18:52:30","date_gmt":"2024-02-14T18:52:30","guid":{"rendered":"https:\/\/lelephant.pt\/work\/"},"modified":"2024-02-27T12:18:27","modified_gmt":"2024-02-27T12:18:27","slug":"work","status":"publish","type":"page","link":"https:\/\/lelephant.pt\/en\/work\/","title":{"rendered":"WORK"},"content":{"rendered":"<p>[vc_row el_class=&#8221;rowmargin&#8221;][vc_column][vc_column_text]<div id=\"seta-mobile-projetos\" class=\"seta-right\"><img decoding=\"async\" src=\"https:\/\/lelephant.pt\/wp-content\/themes\/elephant\/img\/setinha.png\" alt=\"Seta\"><\/div><div class=\"projetos-carousel\" id=\"projetos-carousel\"><div class=\"projeto-imagem\"><a href=\"https:\/\/lelephant.pt\/en\/projeto\/casa-de-nabais\/\"><img loading=\"lazy\" decoding=\"async\" width=\"1707\" height=\"2560\" src=\"https:\/\/lelephant.pt\/wp-content\/uploads\/2026\/02\/Casa-Nabais051-1-1-scaled.jpg\" class=\"attachment-full size-full wp-post-image\" alt=\"\" srcset=\"https:\/\/lelephant.pt\/wp-content\/uploads\/2026\/02\/Casa-Nabais051-1-1-scaled.jpg 1707w, https:\/\/lelephant.pt\/wp-content\/uploads\/2026\/02\/Casa-Nabais051-1-1-200x300.jpg 200w, https:\/\/lelephant.pt\/wp-content\/uploads\/2026\/02\/Casa-Nabais051-1-1-1333x2000.jpg 1333w, https:\/\/lelephant.pt\/wp-content\/uploads\/2026\/02\/Casa-Nabais051-1-1-768x1152.jpg 768w, https:\/\/lelephant.pt\/wp-content\/uploads\/2026\/02\/Casa-Nabais051-1-1-1024x1536.jpg 1024w, https:\/\/lelephant.pt\/wp-content\/uploads\/2026\/02\/Casa-Nabais051-1-1-1365x2048.jpg 1365w\" sizes=\"auto, (max-width: 1707px) 100vw, 1707px\" \/><\/a><h2>Casa de Nabais<\/h2><\/div><div class=\"projeto-imagem\"><a href=\"https:\/\/lelephant.pt\/en\/projeto\/avenida-da-liberdade\/\"><img loading=\"lazy\" decoding=\"async\" width=\"1708\" height=\"2560\" src=\"https:\/\/lelephant.pt\/wp-content\/uploads\/2025\/04\/LElephantAvLiberdade-scaled.jpg\" class=\"attachment-full size-full wp-post-image\" alt=\"\" srcset=\"https:\/\/lelephant.pt\/wp-content\/uploads\/2025\/04\/LElephantAvLiberdade-scaled.jpg 1708w, https:\/\/lelephant.pt\/wp-content\/uploads\/2025\/04\/LElephantAvLiberdade-200x300.jpg 200w, https:\/\/lelephant.pt\/wp-content\/uploads\/2025\/04\/LElephantAvLiberdade-1334x2000.jpg 1334w, https:\/\/lelephant.pt\/wp-content\/uploads\/2025\/04\/LElephantAvLiberdade-768x1151.jpg 768w, https:\/\/lelephant.pt\/wp-content\/uploads\/2025\/04\/LElephantAvLiberdade-1025x1536.jpg 1025w, https:\/\/lelephant.pt\/wp-content\/uploads\/2025\/04\/LElephantAvLiberdade-1366x2048.jpg 1366w\" sizes=\"auto, (max-width: 1708px) 100vw, 1708px\" \/><\/a><h2>Avenida da Liberdade<\/h2><\/div><div class=\"projeto-imagem\"><a href=\"https:\/\/lelephant.pt\/en\/projeto\/lapa\/\"><img loading=\"lazy\" decoding=\"async\" width=\"2560\" height=\"2560\" src=\"https:\/\/lelephant.pt\/wp-content\/uploads\/2024\/07\/lelephant-lapa-project-lisbon6-scaled.jpg\" class=\"attachment-full size-full wp-post-image\" alt=\"Projeto de arquitetura e interiores em Lisboa, lapa. Ilumina\u00e7\u00e3o decorativa, sof\u00e1s com almofadas e mesa de centro de m\u00e1rmore.\" srcset=\"https:\/\/lelephant.pt\/wp-content\/uploads\/2024\/07\/lelephant-lapa-project-lisbon6-scaled.jpg 2560w, https:\/\/lelephant.pt\/wp-content\/uploads\/2024\/07\/lelephant-lapa-project-lisbon6-300x300.jpg 300w, https:\/\/lelephant.pt\/wp-content\/uploads\/2024\/07\/lelephant-lapa-project-lisbon6-2000x2000.jpg 2000w, https:\/\/lelephant.pt\/wp-content\/uploads\/2024\/07\/lelephant-lapa-project-lisbon6-150x150.jpg 150w, https:\/\/lelephant.pt\/wp-content\/uploads\/2024\/07\/lelephant-lapa-project-lisbon6-768x768.jpg 768w, https:\/\/lelephant.pt\/wp-content\/uploads\/2024\/07\/lelephant-lapa-project-lisbon6-1536x1536.jpg 1536w, https:\/\/lelephant.pt\/wp-content\/uploads\/2024\/07\/lelephant-lapa-project-lisbon6-2048x2048.jpg 2048w\" sizes=\"auto, (max-width: 2560px) 100vw, 2560px\" \/><\/a><h2>Lapa<\/h2><\/div><div class=\"projeto-imagem\"><a href=\"https:\/\/lelephant.pt\/en\/projeto\/sao-paulo\/\"><img loading=\"lazy\" decoding=\"async\" width=\"1322\" height=\"1786\" src=\"https:\/\/lelephant.pt\/wp-content\/uploads\/2024\/05\/Captura-de-ecra-2024-05-02-as-08.19.14.png\" class=\"attachment-full size-full wp-post-image\" alt=\"\" srcset=\"https:\/\/lelephant.pt\/wp-content\/uploads\/2024\/05\/Captura-de-ecra-2024-05-02-as-08.19.14.png 1322w, https:\/\/lelephant.pt\/wp-content\/uploads\/2024\/05\/Captura-de-ecra-2024-05-02-as-08.19.14-222x300.png 222w, https:\/\/lelephant.pt\/wp-content\/uploads\/2024\/05\/Captura-de-ecra-2024-05-02-as-08.19.14-768x1038.png 768w, https:\/\/lelephant.pt\/wp-content\/uploads\/2024\/05\/Captura-de-ecra-2024-05-02-as-08.19.14-1137x1536.png 1137w\" sizes=\"auto, (max-width: 1322px) 100vw, 1322px\" \/><\/a><h2>S\u00e3o Paulo<\/h2><\/div><div class=\"projeto-imagem\"><a href=\"https:\/\/lelephant.pt\/en\/projeto\/saldanha\/\"><img loading=\"lazy\" decoding=\"async\" width=\"1980\" height=\"1321\" src=\"https:\/\/lelephant.pt\/wp-content\/uploads\/2024\/02\/Saldanha.jpg\" class=\"attachment-full size-full wp-post-image\" alt=\"\" srcset=\"https:\/\/lelephant.pt\/wp-content\/uploads\/2024\/02\/Saldanha.jpg 1980w, https:\/\/lelephant.pt\/wp-content\/uploads\/2024\/02\/Saldanha-300x200.jpg 300w, https:\/\/lelephant.pt\/wp-content\/uploads\/2024\/02\/Saldanha-768x512.jpg 768w, https:\/\/lelephant.pt\/wp-content\/uploads\/2024\/02\/Saldanha-1536x1025.jpg 1536w\" sizes=\"auto, (max-width: 1980px) 100vw, 1980px\" \/><\/a><h2>Saldanha<\/h2><\/div><div class=\"projeto-imagem\"><a href=\"https:\/\/lelephant.pt\/en\/projeto\/lemon-tree-house\/\"><img loading=\"lazy\" decoding=\"async\" width=\"1980\" height=\"1320\" src=\"https:\/\/lelephant.pt\/wp-content\/uploads\/2024\/02\/lemon-tree-house11.jpg\" class=\"attachment-full size-full wp-post-image\" alt=\"\" srcset=\"https:\/\/lelephant.pt\/wp-content\/uploads\/2024\/02\/lemon-tree-house11.jpg 1980w, https:\/\/lelephant.pt\/wp-content\/uploads\/2024\/02\/lemon-tree-house11-300x200.jpg 300w, https:\/\/lelephant.pt\/wp-content\/uploads\/2024\/02\/lemon-tree-house11-768x512.jpg 768w, https:\/\/lelephant.pt\/wp-content\/uploads\/2024\/02\/lemon-tree-house11-1536x1024.jpg 1536w\" sizes=\"auto, (max-width: 1980px) 100vw, 1980px\" \/><\/a><h2>Lemon Tree House<\/h2><\/div><div class=\"projeto-imagem\"><a href=\"https:\/\/lelephant.pt\/en\/projeto\/principe-real-3\/\"><img loading=\"lazy\" decoding=\"async\" width=\"1980\" height=\"1980\" src=\"https:\/\/lelephant.pt\/wp-content\/uploads\/2024\/02\/principe.jpg\" class=\"attachment-full size-full wp-post-image\" alt=\"\" srcset=\"https:\/\/lelephant.pt\/wp-content\/uploads\/2024\/02\/principe.jpg 1980w, https:\/\/lelephant.pt\/wp-content\/uploads\/2024\/02\/principe-300x300.jpg 300w, https:\/\/lelephant.pt\/wp-content\/uploads\/2024\/02\/principe-150x150.jpg 150w, https:\/\/lelephant.pt\/wp-content\/uploads\/2024\/02\/principe-768x768.jpg 768w, https:\/\/lelephant.pt\/wp-content\/uploads\/2024\/02\/principe-1536x1536.jpg 1536w\" sizes=\"auto, (max-width: 1980px) 100vw, 1980px\" \/><\/a><h2>Pr\u00edncipe Real<\/h2><\/div><div class=\"projeto-imagem\"><a href=\"https:\/\/lelephant.pt\/en\/projeto\/duque-davila\/\"><img loading=\"lazy\" decoding=\"async\" width=\"1322\" height=\"1980\" src=\"https:\/\/lelephant.pt\/wp-content\/uploads\/2024\/02\/duque.jpg\" class=\"attachment-full size-full wp-post-image\" alt=\"\" srcset=\"https:\/\/lelephant.pt\/wp-content\/uploads\/2024\/02\/duque.jpg 1322w, https:\/\/lelephant.pt\/wp-content\/uploads\/2024\/02\/duque-200x300.jpg 200w, https:\/\/lelephant.pt\/wp-content\/uploads\/2024\/02\/duque-768x1150.jpg 768w, https:\/\/lelephant.pt\/wp-content\/uploads\/2024\/02\/duque-1026x1536.jpg 1026w\" sizes=\"auto, (max-width: 1322px) 100vw, 1322px\" \/><\/a><h2>Duque D\u2019\u00c1vila<\/h2><\/div><div class=\"projeto-imagem\"><a href=\"https:\/\/lelephant.pt\/en\/projeto\/alvares-cabral\/\"><img loading=\"lazy\" decoding=\"async\" width=\"814\" height=\"1235\" src=\"https:\/\/lelephant.pt\/wp-content\/uploads\/2024\/02\/lelephant-projetos-alvares-cabral4-2.jpg\" class=\"attachment-full size-full wp-post-image\" alt=\"\" srcset=\"https:\/\/lelephant.pt\/wp-content\/uploads\/2024\/02\/lelephant-projetos-alvares-cabral4-2.jpg 814w, https:\/\/lelephant.pt\/wp-content\/uploads\/2024\/02\/lelephant-projetos-alvares-cabral4-2-198x300.jpg 198w, https:\/\/lelephant.pt\/wp-content\/uploads\/2024\/02\/lelephant-projetos-alvares-cabral4-2-768x1165.jpg 768w\" sizes=\"auto, (max-width: 814px) 100vw, 814px\" \/><\/a><h2>\u00c1lvares Cabral<\/h2><\/div><div class=\"projeto-imagem\"><a href=\"https:\/\/lelephant.pt\/en\/projeto\/douro\/\"><img loading=\"lazy\" decoding=\"async\" width=\"1980\" height=\"1321\" src=\"https:\/\/lelephant.pt\/wp-content\/uploads\/2024\/02\/douro1.jpg\" class=\"attachment-full size-full wp-post-image\" alt=\"\" srcset=\"https:\/\/lelephant.pt\/wp-content\/uploads\/2024\/02\/douro1.jpg 1980w, https:\/\/lelephant.pt\/wp-content\/uploads\/2024\/02\/douro1-300x200.jpg 300w, https:\/\/lelephant.pt\/wp-content\/uploads\/2024\/02\/douro1-768x512.jpg 768w, https:\/\/lelephant.pt\/wp-content\/uploads\/2024\/02\/douro1-1536x1025.jpg 1536w\" sizes=\"auto, (max-width: 1980px) 100vw, 1980px\" \/><\/a><h2>Douro<\/h2><\/div><div class=\"projeto-imagem\"><a href=\"https:\/\/lelephant.pt\/en\/projeto\/hotel-travassos-11\/\"><img loading=\"lazy\" decoding=\"async\" width=\"1321\" height=\"1980\" src=\"https:\/\/lelephant.pt\/wp-content\/uploads\/2024\/02\/HotelTravassos0083-1.jpg\" class=\"attachment-full size-full wp-post-image\" alt=\"\" srcset=\"https:\/\/lelephant.pt\/wp-content\/uploads\/2024\/02\/HotelTravassos0083-1.jpg 1321w, https:\/\/lelephant.pt\/wp-content\/uploads\/2024\/02\/HotelTravassos0083-1-200x300.jpg 200w, https:\/\/lelephant.pt\/wp-content\/uploads\/2024\/02\/HotelTravassos0083-1-768x1151.jpg 768w, https:\/\/lelephant.pt\/wp-content\/uploads\/2024\/02\/HotelTravassos0083-1-1025x1536.jpg 1025w\" sizes=\"auto, (max-width: 1321px) 100vw, 1321px\" \/><\/a><h2>Hotel Travassos 11<\/h2><\/div><div class=\"projeto-imagem\"><a href=\"https:\/\/lelephant.pt\/en\/projeto\/casa-de-um-colecionador\/\"><img loading=\"lazy\" decoding=\"async\" width=\"720\" height=\"1080\" src=\"https:\/\/lelephant.pt\/wp-content\/uploads\/2024\/02\/lelephant-projetos-casa-colecionador3.jpg\" class=\"attachment-full size-full wp-post-image\" alt=\"\" srcset=\"https:\/\/lelephant.pt\/wp-content\/uploads\/2024\/02\/lelephant-projetos-casa-colecionador3.jpg 720w, https:\/\/lelephant.pt\/wp-content\/uploads\/2024\/02\/lelephant-projetos-casa-colecionador3-200x300.jpg 200w\" sizes=\"auto, (max-width: 720px) 100vw, 720px\" \/><\/a><h2>Collector&#8217;s House<\/h2><\/div><\/div>\n    <style>\n        .projetos-carousel {\n            opacity: 0;\n            transition: opacity 0.6s ease, transform 0.6s ease;\n            transform: scale(0.8);\n        }\n\n        .projetos-carousel.fade-in {\n            opacity: 1;\n            transform: scale(1);\n        }\n\t\t\/*Seta mobile*\/\n\t\t#seta-mobile-projetos.seta-right {\n\t\t\ttop: 29vh;\n\t\t\tleft: unset;\n\t\t\tright: 4%;\n\t\t\ttransform: translate(-150%, -50%) rotate(-90deg) scale(0.8);\n\t\t\topacity: 0;\n\t\t\ttransition: opacity 0.6s ease, transform 0.6s ease;\n\t\t\tposition: absolute;\n\t\t}\n\t\t\n\t\tdiv#seta-mobile-projetos img {\n\t\t\tfilter: invert(1);\n\t\t\theight:60px;\n\t\t}\n\t\t\n\t\t#seta-mobile-projetos.seta-right.fade-in {\n\t\t\t opacity: 1;\n\t\t\ttransform: translate(-150%, -50%) rotate(-90deg) scale(1);\n\t\t}\n    <\/style>\n\n\n    [\/vc_column_text][\/vc_column][\/vc_row]<\/p>\n","protected":false},"excerpt":{"rendered":"<p>[vc_row el_class=&#8221;rowmargin&#8221;][vc_column][vc_column_text][\/vc_column_text][\/vc_column][\/vc_row]<\/p>\n","protected":false},"author":1,"featured_media":0,"parent":0,"menu_order":0,"comment_status":"closed","ping_status":"closed","template":"","meta":{"_monsterinsights_skip_tracking":false,"_monsterinsights_sitenote_active":false,"_monsterinsights_sitenote_note":"","_monsterinsights_sitenote_category":0,"footnotes":""},"class_list":["post-500","page","type-page","status-publish","hentry"],"yoast_head":"<!-- This site is optimized with the Yoast SEO plugin v27.2 - https:\/\/yoast.com\/product\/yoast-seo-wordpress\/ -->\n<title>WORK - L&#039;\u00c9l\u00e9phant<\/title>\n<meta name=\"robots\" content=\"index, follow, max-snippet:-1, max-image-preview:large, max-video-preview:-1\" \/>\n<link rel=\"canonical\" href=\"https:\/\/lelephant.pt\/en\/work\/\" \/>\n<meta property=\"og:locale\" content=\"en_US\" \/>\n<meta property=\"og:type\" content=\"article\" \/>\n<meta property=\"og:title\" content=\"WORK - L&#039;\u00c9l\u00e9phant\" \/>\n<meta property=\"og:description\" content=\"[vc_row el_class=&#8221;rowmargin&#8221;][vc_column][vc_column_text][\/vc_column_text][\/vc_column][\/vc_row]\" \/>\n<meta property=\"og:url\" content=\"https:\/\/lelephant.pt\/en\/work\/\" \/>\n<meta property=\"og:site_name\" content=\"L&#039;\u00c9l\u00e9phant\" \/>\n<meta property=\"article:publisher\" content=\"https:\/\/www.facebook.com\/lelephantinteriors\/\" \/>\n<meta property=\"article:modified_time\" content=\"2024-02-27T12:18:27+00:00\" \/>\n<meta name=\"twitter:card\" content=\"summary_large_image\" \/>\n<script type=\"application\/ld+json\" class=\"yoast-schema-graph\">{\"@context\":\"https:\/\/schema.org\",\"@graph\":[{\"@type\":\"WebPage\",\"@id\":\"https:\/\/lelephant.pt\/en\/work\/\",\"url\":\"https:\/\/lelephant.pt\/en\/work\/\",\"name\":\"WORK - L&#039;\u00c9l\u00e9phant\",\"isPartOf\":{\"@id\":\"https:\/\/lelephant.pt\/#website\"},\"datePublished\":\"2024-02-14T18:52:30+00:00\",\"dateModified\":\"2024-02-27T12:18:27+00:00\",\"breadcrumb\":{\"@id\":\"https:\/\/lelephant.pt\/en\/work\/#breadcrumb\"},\"inLanguage\":\"en-US\",\"potentialAction\":[{\"@type\":\"ReadAction\",\"target\":[\"https:\/\/lelephant.pt\/en\/work\/\"]}]},{\"@type\":\"BreadcrumbList\",\"@id\":\"https:\/\/lelephant.pt\/en\/work\/#breadcrumb\",\"itemListElement\":[{\"@type\":\"ListItem\",\"position\":1,\"name\":\"In\u00edcio\",\"item\":\"https:\/\/lelephant.pt\/en\/homepage\/\"},{\"@type\":\"ListItem\",\"position\":2,\"name\":\"WORK\"}]},{\"@type\":\"WebSite\",\"@id\":\"https:\/\/lelephant.pt\/#website\",\"url\":\"https:\/\/lelephant.pt\/\",\"name\":\"L\u00b4\u00e9l\u00e9phant\",\"description\":\"Design de interiores - Arquitetura - Consultoria\",\"publisher\":{\"@id\":\"https:\/\/lelephant.pt\/#organization\"},\"potentialAction\":[{\"@type\":\"SearchAction\",\"target\":{\"@type\":\"EntryPoint\",\"urlTemplate\":\"https:\/\/lelephant.pt\/?s={search_term_string}\"},\"query-input\":{\"@type\":\"PropertyValueSpecification\",\"valueRequired\":true,\"valueName\":\"search_term_string\"}}],\"inLanguage\":\"en-US\"},{\"@type\":\"Organization\",\"@id\":\"https:\/\/lelephant.pt\/#organization\",\"name\":\"L\u00b4\u00e9l\u00e9phant\",\"url\":\"https:\/\/lelephant.pt\/\",\"logo\":{\"@type\":\"ImageObject\",\"inLanguage\":\"en-US\",\"@id\":\"https:\/\/lelephant.pt\/#\/schema\/logo\/image\/\",\"url\":\"https:\/\/lelephant.pt\/wp-content\/uploads\/2024\/02\/cropped-Logo-Preto_1.png\",\"contentUrl\":\"https:\/\/lelephant.pt\/wp-content\/uploads\/2024\/02\/cropped-Logo-Preto_1.png\",\"width\":512,\"height\":512,\"caption\":\"L\u00b4\u00e9l\u00e9phant\"},\"image\":{\"@id\":\"https:\/\/lelephant.pt\/#\/schema\/logo\/image\/\"},\"sameAs\":[\"https:\/\/www.facebook.com\/lelephantinteriors\/\",\"https:\/\/www.instagram.com\/LELEPHANT_INTERIORS\/\"]}]}<\/script>\n<!-- \/ Yoast SEO plugin. -->","yoast_head_json":{"title":"WORK - L&#039;\u00c9l\u00e9phant","robots":{"index":"index","follow":"follow","max-snippet":"max-snippet:-1","max-image-preview":"max-image-preview:large","max-video-preview":"max-video-preview:-1"},"canonical":"https:\/\/lelephant.pt\/en\/work\/","og_locale":"en_US","og_type":"article","og_title":"WORK - L&#039;\u00c9l\u00e9phant","og_description":"[vc_row el_class=&#8221;rowmargin&#8221;][vc_column][vc_column_text][\/vc_column_text][\/vc_column][\/vc_row]","og_url":"https:\/\/lelephant.pt\/en\/work\/","og_site_name":"L&#039;\u00c9l\u00e9phant","article_publisher":"https:\/\/www.facebook.com\/lelephantinteriors\/","article_modified_time":"2024-02-27T12:18:27+00:00","twitter_card":"summary_large_image","schema":{"@context":"https:\/\/schema.org","@graph":[{"@type":"WebPage","@id":"https:\/\/lelephant.pt\/en\/work\/","url":"https:\/\/lelephant.pt\/en\/work\/","name":"WORK - L&#039;\u00c9l\u00e9phant","isPartOf":{"@id":"https:\/\/lelephant.pt\/#website"},"datePublished":"2024-02-14T18:52:30+00:00","dateModified":"2024-02-27T12:18:27+00:00","breadcrumb":{"@id":"https:\/\/lelephant.pt\/en\/work\/#breadcrumb"},"inLanguage":"en-US","potentialAction":[{"@type":"ReadAction","target":["https:\/\/lelephant.pt\/en\/work\/"]}]},{"@type":"BreadcrumbList","@id":"https:\/\/lelephant.pt\/en\/work\/#breadcrumb","itemListElement":[{"@type":"ListItem","position":1,"name":"In\u00edcio","item":"https:\/\/lelephant.pt\/en\/homepage\/"},{"@type":"ListItem","position":2,"name":"WORK"}]},{"@type":"WebSite","@id":"https:\/\/lelephant.pt\/#website","url":"https:\/\/lelephant.pt\/","name":"L\u00b4\u00e9l\u00e9phant","description":"Design de interiores - Arquitetura - Consultoria","publisher":{"@id":"https:\/\/lelephant.pt\/#organization"},"potentialAction":[{"@type":"SearchAction","target":{"@type":"EntryPoint","urlTemplate":"https:\/\/lelephant.pt\/?s={search_term_string}"},"query-input":{"@type":"PropertyValueSpecification","valueRequired":true,"valueName":"search_term_string"}}],"inLanguage":"en-US"},{"@type":"Organization","@id":"https:\/\/lelephant.pt\/#organization","name":"L\u00b4\u00e9l\u00e9phant","url":"https:\/\/lelephant.pt\/","logo":{"@type":"ImageObject","inLanguage":"en-US","@id":"https:\/\/lelephant.pt\/#\/schema\/logo\/image\/","url":"https:\/\/lelephant.pt\/wp-content\/uploads\/2024\/02\/cropped-Logo-Preto_1.png","contentUrl":"https:\/\/lelephant.pt\/wp-content\/uploads\/2024\/02\/cropped-Logo-Preto_1.png","width":512,"height":512,"caption":"L\u00b4\u00e9l\u00e9phant"},"image":{"@id":"https:\/\/lelephant.pt\/#\/schema\/logo\/image\/"},"sameAs":["https:\/\/www.facebook.com\/lelephantinteriors\/","https:\/\/www.instagram.com\/LELEPHANT_INTERIORS\/"]}]}},"_links":{"self":[{"href":"https:\/\/lelephant.pt\/en\/wp-json\/wp\/v2\/pages\/500","targetHints":{"allow":["GET"]}}],"collection":[{"href":"https:\/\/lelephant.pt\/en\/wp-json\/wp\/v2\/pages"}],"about":[{"href":"https:\/\/lelephant.pt\/en\/wp-json\/wp\/v2\/types\/page"}],"author":[{"embeddable":true,"href":"https:\/\/lelephant.pt\/en\/wp-json\/wp\/v2\/users\/1"}],"replies":[{"embeddable":true,"href":"https:\/\/lelephant.pt\/en\/wp-json\/wp\/v2\/comments?post=500"}],"version-history":[{"count":0,"href":"https:\/\/lelephant.pt\/en\/wp-json\/wp\/v2\/pages\/500\/revisions"}],"wp:attachment":[{"href":"https:\/\/lelephant.pt\/en\/wp-json\/wp\/v2\/media?parent=500"}],"curies":[{"name":"wp","href":"https:\/\/api.w.org\/{rel}","templated":true}]}}