{"id":499,"date":"2024-01-15T10:26:07","date_gmt":"2024-01-15T10:26:07","guid":{"rendered":"https:\/\/lelephant.pt\/politica-privacidade\/"},"modified":"2024-06-13T14:01:09","modified_gmt":"2024-06-13T14:01:09","slug":"politica-privacidade","status":"publish","type":"page","link":"https:\/\/lelephant.pt\/en\/politica-privacidade\/","title":{"rendered":"Pol\u00edtica de privacidade"},"content":{"rendered":"<p>[vc_row][vc_column][vc_column_text el_class=&#8221;texto-politica&#8221;]<strong>Your privacy is important to us.<\/strong><\/p>\n<p>&nbsp;<\/p>\n<p>It is L\u2019\u00c9L\u00c9PHANT\u2019s policy to respect your privacy regarding any information we may collect while operating our website. This Privacy Policy applies to the website www.lelephant.pt (hereinafter, &#8220;we&#8221;, &#8220;our&#8221; or &#8220;www.lelephant.pt&#8221;). We respect your privacy and are committed to protecting the personally identifiable information you may provide to us through the website. We have adopted this privacy policy (&#8220;Privacy Policy&#8221;) to explain what information may be collected on our website, how we use the information and under what circumstances we may disclose it to third parties. This Privacy Policy applies only to information we collect through the Website and does not apply to our collection of information from other sources.<\/p>\n<p>This Privacy Policy sets out the general rules and policies that govern your use of our website. Depending on your activities when visiting our website, you may be required to agree to additional terms of service.<\/p>\n<p>&nbsp;<\/p>\n<p><strong>Visitors<\/strong><\/p>\n<p>Like most websites, L&#8217;\u00c9L\u00c9PHANT collects non-personally-identifying information of the sort that web browsers and servers typically make available, such as the browser type, language preference, referring site, and the date and time of each visitor request. . The purpose of collecting non-personally identifiable information is to better understand how L\u2019\u00c9L\u00c9PHANT visitors use the website.<\/p>\n<p>&nbsp;<\/p>\n<p><strong>Personally Identifiable Information<\/strong><\/p>\n<p>Certain visitors to the L\u2019\u00c9L\u00c9PHANT website choose to interact with us in ways that require L\u2019\u00c9L\u00c9PHANT to gather personally-identifying information. The amount and type of information that L\u2019\u00c9L\u00c9PHANT gathers depends on the nature of the interaction. For example, we ask visitors to leave a message at <a href=\"https:\/\/lelephant.pt\/\">www.lelephant.pt<\/a> to provide a name and email address on a contact form.<\/p>\n<p>&nbsp;<\/p>\n<p><strong>Security<\/strong><\/p>\n<p>The security of your Personal Information is important to us, but remember that no method of transmission over the Internet, or method of electronic storage is 100% secure. Although we strive to use commercially acceptable means to protect your Personal Information, we cannot guarantee its absolute security.<\/p>\n<p>&nbsp;<\/p>\n<p>&nbsp;<\/p>\n<p><strong>L\u2019\u00c9L\u00c9PHANT uses Google AdWords for remarketing<\/strong><\/p>\n<p>L\u2019\u00c9L\u00c9PHANT uses remarketing services to advertise on third-party websites (including Google) to repeat visitors to our website. This could mean that we advertise to repeat visitors who have not completed a task on our site, for example the contact form. This could be in the form of an ad on the Google search results page, or on a website on the Google Display Network. Third-party vendors, including Google, use cookies to serve ads based on someone&#8217;s past visits. Of course, any data collected will be used in accordance with our own privacy policy and Google&#8217;s privacy policy.<\/p>\n<p>You can set preferences for how Google advertises to you using the Google Ad preferences page, and if you want, you can opt out of interest-based advertising through cookie settings or permanently using a browser plugin.<\/p>\n<p>&nbsp;<\/p>\n<p><strong>Estat\u00edsticas Agregadas<\/strong><\/p>\n<p>A L\u2019\u00c9L\u00c9PHANT pode recolher estat\u00edsticas sobre o comportamento dos visitantes do seu website. A L\u2019\u00c9L\u00c9PHANT pode exibir essas informa\u00e7\u00f5es publicamente ou fornec\u00ea-las a outros. No entanto, a L\u2019\u00c9L\u00c9PHANT n\u00e3o divulga informa\u00e7\u00f5es de identifica\u00e7\u00e3o pessoal.<\/p>\n<p>&nbsp;<\/p>\n<p><strong>Cookies<\/strong><\/p>\n<p>To enrich and perfect your online experience, L\u2019\u00c9L\u00c9PHANT uses &#8220;Cookies&#8221;, similar technologies and services provided by others to display personalized content, appropriate advertising and store your preferences on your computer.<\/p>\n<p>A cookie is a string of information that a website stores on a visitor&#8217;s computer, and that the visitor&#8217;s browser provides to the website each time the visitor returns. We use cookies to help us identify and track visitors, their usage of <a href=\"https:\/\/lelephant.pt\/\">www.lelephant.pt<\/a> and website access preferences. L\u2019\u00c9L\u00c9PHANT visitors who do not wish to have cookies placed on their computers should set their browsers to refuse cookies before using L\u2019\u00c9L\u00c9PHANT.<\/p>\n<p>By continuing to browse our website without changing your cookie settings, you acknowledge and agree to L\u2019\u00c9L\u00c9PHANT\u2019s use of cookies.<\/p>\n<p>&nbsp;<\/p>\n<p><strong>Privacy Policy<\/strong><\/p>\n<p>By filling out the contact form on our page, you agree to share your data with L\u2019\u00c9L\u00c9PHANT for the exclusive purpose of receiving information about our activities. We are committed to protecting and respecting your personal data in accordance with current privacy laws.<\/p>\n<p>&nbsp;<\/p>\n<p><strong>Information Collected<\/strong><\/p>\n<ul>\n<li>Name<\/li>\n<li>Email Address<\/li>\n<li>Message<\/li>\n<\/ul>\n<p>&nbsp;<\/p>\n<p><strong>Use of Information<\/strong><\/p>\n<p>The information provided will be used exclusively to send information about L\u2019\u00c9L\u00c9PHANT\u2019s activities. We will not share your data with third parties.<\/p>\n<p>&nbsp;<\/p>\n<p><strong>Security<\/strong><\/p>\n<p>We take strict measures to ensure the security of your data. We use physical and electronic security practices to protect the information we collect online.<\/p>\n<p>&nbsp;<\/p>\n<p><strong>Access and Control<\/strong><\/p>\n<p>You have the right to access, correct and delete your personal information at any time. Please contact us if you need assistance.<\/p>\n<p>&nbsp;<\/p>\n<p><strong>Changes to Privacy Policy<\/strong><\/p>\n<p>Although most changes are likely to be minor, L\u2019\u00c9L\u00c9PHANT may change its Privacy Policy from time to time, and in L\u2019\u00c9L\u00c9PHANT\u2019s sole discretion. L\u2019\u00c9L\u00c9PHANT encourages visitors to frequently check this page for any changes to its Privacy Policy. Your continued use of this site after any change to this Privacy Policy will constitute your acceptance of such change.<\/p>\n<p>&nbsp;<\/p>\n<p>By submitting the form, you agree to our privacy practices. If you have any questions or concerns, please contact us.<\/p>\n<p>&nbsp;<\/p>\n<p>(+351) 213 420\u00a0042<\/p>\n<p><a href=\"mailto:STUDIO@LELEPHANT.PT\">STUDIO@LELEPHANT.PT<\/a><\/p>\n<p>IVENS, 38<\/p>\n<p>1200-227 LISBOA<\/p>\n<p>PORTUGAL<\/p>\n<p>[\/vc_column_text][\/vc_column][\/vc_row]<\/p>\n","protected":false},"excerpt":{"rendered":"<p>[vc_row][vc_column][vc_column_text el_class=&#8221;texto-politica&#8221;]Your privacy is important to us. &nbsp; It is L\u2019\u00c9L\u00c9PHANT\u2019s policy to respect your privacy regarding any information we may collect while operating our website. This Privacy Policy applies to the website www.lelephant.pt (hereinafter, &#8220;we&#8221;, &#8220;our&#8221; or &#8220;www.lelephant.pt&#8221;). We respect your privacy and are committed to protecting the personally identifiable information you may provide [&hellip;]<\/p>\n","protected":false},"author":1,"featured_media":0,"parent":0,"menu_order":0,"comment_status":"closed","ping_status":"open","template":"","meta":{"_monsterinsights_skip_tracking":false,"_monsterinsights_sitenote_active":false,"_monsterinsights_sitenote_note":"","_monsterinsights_sitenote_category":0,"footnotes":""},"class_list":["post-499","page","type-page","status-publish","hentry"],"yoast_head":"<!-- This site is optimized with the Yoast SEO plugin v27.2 - https:\/\/yoast.com\/product\/yoast-seo-wordpress\/ -->\n<title>Pol\u00edtica de privacidade - L&#039;\u00c9l\u00e9phant<\/title>\n<meta name=\"robots\" content=\"index, follow, max-snippet:-1, max-image-preview:large, max-video-preview:-1\" \/>\n<link rel=\"canonical\" href=\"https:\/\/lelephant.pt\/en\/politica-privacidade\/\" \/>\n<meta property=\"og:locale\" content=\"en_US\" \/>\n<meta property=\"og:type\" content=\"article\" \/>\n<meta property=\"og:title\" content=\"Pol\u00edtica de privacidade - L&#039;\u00c9l\u00e9phant\" \/>\n<meta property=\"og:description\" content=\"[vc_row][vc_column][vc_column_text el_class=&#8221;texto-politica&#8221;]Your privacy is important to us. &nbsp; It is L\u2019\u00c9L\u00c9PHANT\u2019s policy to respect your privacy regarding any information we may collect while operating our website. This Privacy Policy applies to the website www.lelephant.pt (hereinafter, &#8220;we&#8221;, &#8220;our&#8221; or &#8220;www.lelephant.pt&#8221;). We respect your privacy and are committed to protecting the personally identifiable information you may provide [&hellip;]\" \/>\n<meta property=\"og:url\" content=\"https:\/\/lelephant.pt\/en\/politica-privacidade\/\" \/>\n<meta property=\"og:site_name\" content=\"L&#039;\u00c9l\u00e9phant\" \/>\n<meta property=\"article:publisher\" content=\"https:\/\/www.facebook.com\/lelephantinteriors\/\" \/>\n<meta property=\"article:modified_time\" content=\"2024-06-13T14:01:09+00:00\" \/>\n<meta name=\"twitter:card\" content=\"summary_large_image\" \/>\n<meta name=\"twitter:label1\" content=\"Est. reading time\" \/>\n\t<meta name=\"twitter:data1\" content=\"5 minutes\" \/>\n<script type=\"application\/ld+json\" class=\"yoast-schema-graph\">{\"@context\":\"https:\/\/schema.org\",\"@graph\":[{\"@type\":\"WebPage\",\"@id\":\"https:\/\/lelephant.pt\/en\/politica-privacidade\/\",\"url\":\"https:\/\/lelephant.pt\/en\/politica-privacidade\/\",\"name\":\"Pol\u00edtica de privacidade - L&#039;\u00c9l\u00e9phant\",\"isPartOf\":{\"@id\":\"https:\/\/lelephant.pt\/#website\"},\"datePublished\":\"2024-01-15T10:26:07+00:00\",\"dateModified\":\"2024-06-13T14:01:09+00:00\",\"breadcrumb\":{\"@id\":\"https:\/\/lelephant.pt\/en\/politica-privacidade\/#breadcrumb\"},\"inLanguage\":\"en-US\",\"potentialAction\":[{\"@type\":\"ReadAction\",\"target\":[\"https:\/\/lelephant.pt\/en\/politica-privacidade\/\"]}]},{\"@type\":\"BreadcrumbList\",\"@id\":\"https:\/\/lelephant.pt\/en\/politica-privacidade\/#breadcrumb\",\"itemListElement\":[{\"@type\":\"ListItem\",\"position\":1,\"name\":\"In\u00edcio\",\"item\":\"https:\/\/lelephant.pt\/en\/homepage\/\"},{\"@type\":\"ListItem\",\"position\":2,\"name\":\"Pol\u00edtica de privacidade\"}]},{\"@type\":\"WebSite\",\"@id\":\"https:\/\/lelephant.pt\/#website\",\"url\":\"https:\/\/lelephant.pt\/\",\"name\":\"L\u00b4\u00e9l\u00e9phant\",\"description\":\"Design de interiores - Arquitetura - Consultoria\",\"publisher\":{\"@id\":\"https:\/\/lelephant.pt\/#organization\"},\"potentialAction\":[{\"@type\":\"SearchAction\",\"target\":{\"@type\":\"EntryPoint\",\"urlTemplate\":\"https:\/\/lelephant.pt\/?s={search_term_string}\"},\"query-input\":{\"@type\":\"PropertyValueSpecification\",\"valueRequired\":true,\"valueName\":\"search_term_string\"}}],\"inLanguage\":\"en-US\"},{\"@type\":\"Organization\",\"@id\":\"https:\/\/lelephant.pt\/#organization\",\"name\":\"L\u00b4\u00e9l\u00e9phant\",\"url\":\"https:\/\/lelephant.pt\/\",\"logo\":{\"@type\":\"ImageObject\",\"inLanguage\":\"en-US\",\"@id\":\"https:\/\/lelephant.pt\/#\/schema\/logo\/image\/\",\"url\":\"https:\/\/lelephant.pt\/wp-content\/uploads\/2024\/02\/cropped-Logo-Preto_1.png\",\"contentUrl\":\"https:\/\/lelephant.pt\/wp-content\/uploads\/2024\/02\/cropped-Logo-Preto_1.png\",\"width\":512,\"height\":512,\"caption\":\"L\u00b4\u00e9l\u00e9phant\"},\"image\":{\"@id\":\"https:\/\/lelephant.pt\/#\/schema\/logo\/image\/\"},\"sameAs\":[\"https:\/\/www.facebook.com\/lelephantinteriors\/\",\"https:\/\/www.instagram.com\/LELEPHANT_INTERIORS\/\"]}]}<\/script>\n<!-- \/ Yoast SEO plugin. -->","yoast_head_json":{"title":"Pol\u00edtica de privacidade - L&#039;\u00c9l\u00e9phant","robots":{"index":"index","follow":"follow","max-snippet":"max-snippet:-1","max-image-preview":"max-image-preview:large","max-video-preview":"max-video-preview:-1"},"canonical":"https:\/\/lelephant.pt\/en\/politica-privacidade\/","og_locale":"en_US","og_type":"article","og_title":"Pol\u00edtica de privacidade - L&#039;\u00c9l\u00e9phant","og_description":"[vc_row][vc_column][vc_column_text el_class=&#8221;texto-politica&#8221;]Your privacy is important to us. &nbsp; It is L\u2019\u00c9L\u00c9PHANT\u2019s policy to respect your privacy regarding any information we may collect while operating our website. This Privacy Policy applies to the website www.lelephant.pt (hereinafter, &#8220;we&#8221;, &#8220;our&#8221; or &#8220;www.lelephant.pt&#8221;). We respect your privacy and are committed to protecting the personally identifiable information you may provide [&hellip;]","og_url":"https:\/\/lelephant.pt\/en\/politica-privacidade\/","og_site_name":"L&#039;\u00c9l\u00e9phant","article_publisher":"https:\/\/www.facebook.com\/lelephantinteriors\/","article_modified_time":"2024-06-13T14:01:09+00:00","twitter_card":"summary_large_image","twitter_misc":{"Est. reading time":"5 minutes"},"schema":{"@context":"https:\/\/schema.org","@graph":[{"@type":"WebPage","@id":"https:\/\/lelephant.pt\/en\/politica-privacidade\/","url":"https:\/\/lelephant.pt\/en\/politica-privacidade\/","name":"Pol\u00edtica de privacidade - L&#039;\u00c9l\u00e9phant","isPartOf":{"@id":"https:\/\/lelephant.pt\/#website"},"datePublished":"2024-01-15T10:26:07+00:00","dateModified":"2024-06-13T14:01:09+00:00","breadcrumb":{"@id":"https:\/\/lelephant.pt\/en\/politica-privacidade\/#breadcrumb"},"inLanguage":"en-US","potentialAction":[{"@type":"ReadAction","target":["https:\/\/lelephant.pt\/en\/politica-privacidade\/"]}]},{"@type":"BreadcrumbList","@id":"https:\/\/lelephant.pt\/en\/politica-privacidade\/#breadcrumb","itemListElement":[{"@type":"ListItem","position":1,"name":"In\u00edcio","item":"https:\/\/lelephant.pt\/en\/homepage\/"},{"@type":"ListItem","position":2,"name":"Pol\u00edtica de privacidade"}]},{"@type":"WebSite","@id":"https:\/\/lelephant.pt\/#website","url":"https:\/\/lelephant.pt\/","name":"L\u00b4\u00e9l\u00e9phant","description":"Design de interiores - Arquitetura - Consultoria","publisher":{"@id":"https:\/\/lelephant.pt\/#organization"},"potentialAction":[{"@type":"SearchAction","target":{"@type":"EntryPoint","urlTemplate":"https:\/\/lelephant.pt\/?s={search_term_string}"},"query-input":{"@type":"PropertyValueSpecification","valueRequired":true,"valueName":"search_term_string"}}],"inLanguage":"en-US"},{"@type":"Organization","@id":"https:\/\/lelephant.pt\/#organization","name":"L\u00b4\u00e9l\u00e9phant","url":"https:\/\/lelephant.pt\/","logo":{"@type":"ImageObject","inLanguage":"en-US","@id":"https:\/\/lelephant.pt\/#\/schema\/logo\/image\/","url":"https:\/\/lelephant.pt\/wp-content\/uploads\/2024\/02\/cropped-Logo-Preto_1.png","contentUrl":"https:\/\/lelephant.pt\/wp-content\/uploads\/2024\/02\/cropped-Logo-Preto_1.png","width":512,"height":512,"caption":"L\u00b4\u00e9l\u00e9phant"},"image":{"@id":"https:\/\/lelephant.pt\/#\/schema\/logo\/image\/"},"sameAs":["https:\/\/www.facebook.com\/lelephantinteriors\/","https:\/\/www.instagram.com\/LELEPHANT_INTERIORS\/"]}]}},"_links":{"self":[{"href":"https:\/\/lelephant.pt\/en\/wp-json\/wp\/v2\/pages\/499","targetHints":{"allow":["GET"]}}],"collection":[{"href":"https:\/\/lelephant.pt\/en\/wp-json\/wp\/v2\/pages"}],"about":[{"href":"https:\/\/lelephant.pt\/en\/wp-json\/wp\/v2\/types\/page"}],"author":[{"embeddable":true,"href":"https:\/\/lelephant.pt\/en\/wp-json\/wp\/v2\/users\/1"}],"replies":[{"embeddable":true,"href":"https:\/\/lelephant.pt\/en\/wp-json\/wp\/v2\/comments?post=499"}],"version-history":[{"count":0,"href":"https:\/\/lelephant.pt\/en\/wp-json\/wp\/v2\/pages\/499\/revisions"}],"wp:attachment":[{"href":"https:\/\/lelephant.pt\/en\/wp-json\/wp\/v2\/media?parent=499"}],"curies":[{"name":"wp","href":"https:\/\/api.w.org\/{rel}","templated":true}]}}