{"id":2398,"date":"2024-12-02T08:41:36","date_gmt":"2024-12-02T08:41:36","guid":{"rendered":"https:\/\/lelephant.pt\/showroom\/"},"modified":"2025-03-11T15:39:48","modified_gmt":"2025-03-11T15:39:48","slug":"showroom","status":"publish","type":"page","link":"https:\/\/lelephant.pt\/en\/showroom\/","title":{"rendered":"Showroom"},"content":{"rendered":"<p>[vc_row][vc_column][vc_column_text]<div class=\"showroom-grid\"><div class=\"showroom-item\" data-count=\"1\"><div class=\"image-wrapper\"><img decoding=\"async\" src=\"https:\/\/lelephant.pt\/wp-content\/uploads\/2025\/01\/AA5A4157-Aprimorado-NR-scaled.jpg\" alt=\"Show7\" class=\"image-default image-default-unica\" \/><\/div><p class=\"tipo\"><\/p><div class=\"description\"><p class=\"p1\">The Roman wooden columns bring personality, texture, and a historical feel to any living room. Whether framing a space or serving as a statement piece, they add character to interiors, bringing the past into the present. <\/p>\n<\/div><\/div><div class=\"showroom-item\" data-count=\"2\"><div class=\"image-wrapper\"><img decoding=\"async\" src=\"https:\/\/lelephant.pt\/wp-content\/uploads\/2024\/12\/AA5A4164-scaled.jpg\" alt=\"Show1\" class=\"image-default image-default-unica\" \/><\/div><p class=\"tipo\"><\/p><div class=\"description\"><p class=\"p1\">Vintage posters introduce a touch of nostalgia to any space. Sometimes they take centre stage, while others are part of a carefully curated visual gallery. In both cases, they enrich interiors with depth and artistic expression.<\/p>\n<\/div><\/div><div class=\"showroom-item\" data-count=\"3\"><div class=\"image-wrapper\"><img decoding=\"async\" src=\"https:\/\/lelephant.pt\/wp-content\/uploads\/2024\/12\/AA5A4907-scaled.jpg\" alt=\"Show 2\" class=\"image-default image-default-unica\" \/><\/div><p class=\"tipo\"><\/p><div class=\"description\"><p class=\"p1\">The &#8220;Cabe\u00e7udos&#8221; are a striking expression of Portuguese popular culture. These anthropomorphic figures stand out for their large dimensions, traditionally crafted from paper-m\u00e2ch\u00e9 and used as masks. The &#8220;Cabe\u00e7udos&#8221; are produced in GAF \u2013 Gabinete de Atendimento \u00e0 Fam\u00edlia workshops, an organisation dedicated to supporting individuals and families with special needs.<\/p>\n<\/div><\/div><div class=\"showroom-item\" data-count=\"4\"><div class=\"image-wrapper\"><img decoding=\"async\" src=\"https:\/\/lelephant.pt\/wp-content\/uploads\/2024\/12\/AA5A4353-scaled.jpg\" alt=\"Show 4\" class=\"image-default image-default-unica\" \/><\/div><p class=\"tipo\"><\/p><div class=\"description\"><p class=\"p1\">Each piece of marble is shaped over thousands of years. In the spaces we create, we reimagine these natural masterpieces, honouring their history while bringing something new to life. This marble coffee table was specially designed for this residential project.<\/p>\n<\/div><\/div><div class=\"showroom-item half-width\" data-count=\"5\"><div class=\"image-wrapper\"><img decoding=\"async\" src=\"https:\/\/lelephant.pt\/wp-content\/uploads\/2024\/07\/lelephant-lapa-project-lisbon12-1-scaled.jpg\" alt=\"Show 5\" class=\"image-default image-default-unica\" \/><\/div><p class=\"tipo\"><\/p><div class=\"description\"><p class=\"p1\">Every fabric has a story to tell, and at L\u2019\u00c9l\u00e9phant, we strive to bring those narratives into every piece we create. The living room cushions, made with carefully selected fabrics, are more than just decorative objects\u2014they combine texture, colour, and history.<\/p>\n<\/div><\/div><div class=\"showroom-item\" data-count=\"6\"><div class=\"image-wrapper\"><img decoding=\"async\" src=\"https:\/\/lelephant.pt\/wp-content\/uploads\/2024\/07\/lelephant-lapa-project-lisbon5-scaled.jpg\" alt=\"Show6\" class=\"image-default image-default-unica\" \/><\/div><p class=\"tipo\"><\/p><div class=\"description\"><p class=\"p1\">The &#8220;Safari Dance&#8221; wallpaper by Cole&amp;Son showcases a trio of elephants dancing across the African plains. The elephants are inspired by a series of large amphoras painted by South African artist Zinhle Nene, which are prominent in the Ardmore Museum.<\/p>\n<\/div><\/div><div class=\"showroom-item\" data-count=\"7\"><div class=\"image-wrapper\"><img decoding=\"async\" src=\"https:\/\/lelephant.pt\/wp-content\/uploads\/2024\/02\/lelephant-projetos-travassos-115-2.jpg\" alt=\"Show 3\" class=\"image-default image-default-unica\" \/><\/div><p class=\"tipo\"><\/p><div class=\"description\"><p class=\"p1\">We love transforming traditional kimonos into works of art, setting the tone of a wall with their intricate history and beauty. The kimono can create a striking focal point in any space.<\/p>\n<\/div><\/div><div class=\"showroom-item\" data-count=\"8\"><div class=\"image-wrapper\"><img decoding=\"async\" src=\"https:\/\/lelephant.pt\/wp-content\/uploads\/2025\/01\/AA5A4363-scaled.jpg\" alt=\"Show8\" class=\"image-default image-default-unica\" \/><\/div><p class=\"tipo\"><\/p><div class=\"description\"><p class=\"p1\">The Mercury pendant light by Artemide consists of a series of floating &#8220;stones&#8221; beneath an aluminium disc, with biomorphic surfaces that reflect light between themselves and onto the disc. During the day, Mercury transforms into a sculpture, interacting with natural light and the movement of people around it.<\/p>\n<\/div><\/div><div class=\"showroom-item\" data-count=\"9\"><div class=\"image-wrapper\"><img decoding=\"async\" src=\"https:\/\/lelephant.pt\/wp-content\/uploads\/2025\/01\/AA5A4270-scaled.jpg\" alt=\"Show9\" class=\"image-default image-default-unica\" \/><\/div><p class=\"tipo\"><\/p><div class=\"description\"><p class=\"p1\">The Tynell 9602 floor lamp by GUBI is a timeless design piece by Finnish designer Paavo Tynell, initially created in 1935 for the Hotel Aulanko in H\u00e4meenlinna. Known as the &#8220;Chinese Hat,&#8221; this piece reflects Tynell\u2019s delicate craftsmanship and artistry.<\/p>\n<\/div><\/div><div class=\"showroom-item\" data-count=\"10\"><div class=\"image-wrapper\"><img decoding=\"async\" src=\"https:\/\/lelephant.pt\/wp-content\/uploads\/2025\/01\/Lelephant05-scaled.jpg\" alt=\"Show11\" class=\"image-default image-default-unica\" \/><\/div><p class=\"tipo\"><\/p><div class=\"description\"><p class=\"p1\">The Nieke Black Footstool is a design piece that combines style and functionality. Its black finish adds versatility, making it suitable for various interior spaces.<\/p>\n<\/div><\/div><div class=\"showroom-item\" data-count=\"11\"><div class=\"image-wrapper\"><img decoding=\"async\" src=\"https:\/\/lelephant.pt\/wp-content\/uploads\/2025\/01\/AA5A9944-scaled.jpg\" alt=\"Show10\" class=\"image-default image-default-unica\" \/><\/div><p class=\"tipo\"><\/p><div class=\"description\"><p class=\"p1\">At L\u2019\u00c9l\u00e9phant, we offer a variety of customised lighting solutions for every space\u2014from statement pieces and design classics to more subtle objects. Visit our showroom and store to explore our selection.<\/p>\n<\/div><\/div><\/div>[\/vc_column_text][\/vc_column][\/vc_row]<\/p>\n","protected":false},"excerpt":{"rendered":"<p>[vc_row][vc_column][vc_column_text][\/vc_column_text][\/vc_column][\/vc_row]<\/p>\n","protected":false},"author":1,"featured_media":0,"parent":0,"menu_order":0,"comment_status":"closed","ping_status":"closed","template":"","meta":{"_monsterinsights_skip_tracking":false,"_monsterinsights_sitenote_active":false,"_monsterinsights_sitenote_note":"","_monsterinsights_sitenote_category":0,"footnotes":""},"class_list":["post-2398","page","type-page","status-publish","hentry"],"yoast_head":"<!-- This site is optimized with the Yoast SEO plugin v27.2 - https:\/\/yoast.com\/product\/yoast-seo-wordpress\/ -->\n<title>Showroom - L&#039;\u00c9l\u00e9phant<\/title>\n<meta name=\"robots\" content=\"index, follow, max-snippet:-1, max-image-preview:large, max-video-preview:-1\" \/>\n<link rel=\"canonical\" href=\"https:\/\/lelephant.pt\/en\/showroom\/\" \/>\n<meta property=\"og:locale\" content=\"en_US\" \/>\n<meta property=\"og:type\" content=\"article\" \/>\n<meta property=\"og:title\" content=\"Showroom - L&#039;\u00c9l\u00e9phant\" \/>\n<meta property=\"og:description\" content=\"[vc_row][vc_column][vc_column_text][\/vc_column_text][\/vc_column][\/vc_row]\" \/>\n<meta property=\"og:url\" content=\"https:\/\/lelephant.pt\/en\/showroom\/\" \/>\n<meta property=\"og:site_name\" content=\"L&#039;\u00c9l\u00e9phant\" \/>\n<meta property=\"article:publisher\" content=\"https:\/\/www.facebook.com\/lelephantinteriors\/\" \/>\n<meta property=\"article:modified_time\" content=\"2025-03-11T15:39:48+00:00\" \/>\n<meta name=\"twitter:card\" content=\"summary_large_image\" \/>\n<meta name=\"twitter:label1\" content=\"Est. reading time\" \/>\n\t<meta name=\"twitter:data1\" content=\"1 minute\" \/>\n<script type=\"application\/ld+json\" class=\"yoast-schema-graph\">{\"@context\":\"https:\/\/schema.org\",\"@graph\":[{\"@type\":\"WebPage\",\"@id\":\"https:\/\/lelephant.pt\/en\/showroom\/\",\"url\":\"https:\/\/lelephant.pt\/en\/showroom\/\",\"name\":\"Showroom - L&#039;\u00c9l\u00e9phant\",\"isPartOf\":{\"@id\":\"https:\/\/lelephant.pt\/#website\"},\"datePublished\":\"2024-12-02T08:41:36+00:00\",\"dateModified\":\"2025-03-11T15:39:48+00:00\",\"breadcrumb\":{\"@id\":\"https:\/\/lelephant.pt\/en\/showroom\/#breadcrumb\"},\"inLanguage\":\"en-US\",\"potentialAction\":[{\"@type\":\"ReadAction\",\"target\":[\"https:\/\/lelephant.pt\/en\/showroom\/\"]}]},{\"@type\":\"BreadcrumbList\",\"@id\":\"https:\/\/lelephant.pt\/en\/showroom\/#breadcrumb\",\"itemListElement\":[{\"@type\":\"ListItem\",\"position\":1,\"name\":\"In\u00edcio\",\"item\":\"https:\/\/lelephant.pt\/en\/homepage\/\"},{\"@type\":\"ListItem\",\"position\":2,\"name\":\"Showroom\"}]},{\"@type\":\"WebSite\",\"@id\":\"https:\/\/lelephant.pt\/#website\",\"url\":\"https:\/\/lelephant.pt\/\",\"name\":\"L\u00b4\u00e9l\u00e9phant\",\"description\":\"Design de interiores - Arquitetura - Consultoria\",\"publisher\":{\"@id\":\"https:\/\/lelephant.pt\/#organization\"},\"potentialAction\":[{\"@type\":\"SearchAction\",\"target\":{\"@type\":\"EntryPoint\",\"urlTemplate\":\"https:\/\/lelephant.pt\/?s={search_term_string}\"},\"query-input\":{\"@type\":\"PropertyValueSpecification\",\"valueRequired\":true,\"valueName\":\"search_term_string\"}}],\"inLanguage\":\"en-US\"},{\"@type\":\"Organization\",\"@id\":\"https:\/\/lelephant.pt\/#organization\",\"name\":\"L\u00b4\u00e9l\u00e9phant\",\"url\":\"https:\/\/lelephant.pt\/\",\"logo\":{\"@type\":\"ImageObject\",\"inLanguage\":\"en-US\",\"@id\":\"https:\/\/lelephant.pt\/#\/schema\/logo\/image\/\",\"url\":\"https:\/\/lelephant.pt\/wp-content\/uploads\/2024\/02\/cropped-Logo-Preto_1.png\",\"contentUrl\":\"https:\/\/lelephant.pt\/wp-content\/uploads\/2024\/02\/cropped-Logo-Preto_1.png\",\"width\":512,\"height\":512,\"caption\":\"L\u00b4\u00e9l\u00e9phant\"},\"image\":{\"@id\":\"https:\/\/lelephant.pt\/#\/schema\/logo\/image\/\"},\"sameAs\":[\"https:\/\/www.facebook.com\/lelephantinteriors\/\",\"https:\/\/www.instagram.com\/LELEPHANT_INTERIORS\/\"]}]}<\/script>\n<!-- \/ Yoast SEO plugin. -->","yoast_head_json":{"title":"Showroom - L&#039;\u00c9l\u00e9phant","robots":{"index":"index","follow":"follow","max-snippet":"max-snippet:-1","max-image-preview":"max-image-preview:large","max-video-preview":"max-video-preview:-1"},"canonical":"https:\/\/lelephant.pt\/en\/showroom\/","og_locale":"en_US","og_type":"article","og_title":"Showroom - L&#039;\u00c9l\u00e9phant","og_description":"[vc_row][vc_column][vc_column_text][\/vc_column_text][\/vc_column][\/vc_row]","og_url":"https:\/\/lelephant.pt\/en\/showroom\/","og_site_name":"L&#039;\u00c9l\u00e9phant","article_publisher":"https:\/\/www.facebook.com\/lelephantinteriors\/","article_modified_time":"2025-03-11T15:39:48+00:00","twitter_card":"summary_large_image","twitter_misc":{"Est. reading time":"1 minute"},"schema":{"@context":"https:\/\/schema.org","@graph":[{"@type":"WebPage","@id":"https:\/\/lelephant.pt\/en\/showroom\/","url":"https:\/\/lelephant.pt\/en\/showroom\/","name":"Showroom - L&#039;\u00c9l\u00e9phant","isPartOf":{"@id":"https:\/\/lelephant.pt\/#website"},"datePublished":"2024-12-02T08:41:36+00:00","dateModified":"2025-03-11T15:39:48+00:00","breadcrumb":{"@id":"https:\/\/lelephant.pt\/en\/showroom\/#breadcrumb"},"inLanguage":"en-US","potentialAction":[{"@type":"ReadAction","target":["https:\/\/lelephant.pt\/en\/showroom\/"]}]},{"@type":"BreadcrumbList","@id":"https:\/\/lelephant.pt\/en\/showroom\/#breadcrumb","itemListElement":[{"@type":"ListItem","position":1,"name":"In\u00edcio","item":"https:\/\/lelephant.pt\/en\/homepage\/"},{"@type":"ListItem","position":2,"name":"Showroom"}]},{"@type":"WebSite","@id":"https:\/\/lelephant.pt\/#website","url":"https:\/\/lelephant.pt\/","name":"L\u00b4\u00e9l\u00e9phant","description":"Design de interiores - Arquitetura - Consultoria","publisher":{"@id":"https:\/\/lelephant.pt\/#organization"},"potentialAction":[{"@type":"SearchAction","target":{"@type":"EntryPoint","urlTemplate":"https:\/\/lelephant.pt\/?s={search_term_string}"},"query-input":{"@type":"PropertyValueSpecification","valueRequired":true,"valueName":"search_term_string"}}],"inLanguage":"en-US"},{"@type":"Organization","@id":"https:\/\/lelephant.pt\/#organization","name":"L\u00b4\u00e9l\u00e9phant","url":"https:\/\/lelephant.pt\/","logo":{"@type":"ImageObject","inLanguage":"en-US","@id":"https:\/\/lelephant.pt\/#\/schema\/logo\/image\/","url":"https:\/\/lelephant.pt\/wp-content\/uploads\/2024\/02\/cropped-Logo-Preto_1.png","contentUrl":"https:\/\/lelephant.pt\/wp-content\/uploads\/2024\/02\/cropped-Logo-Preto_1.png","width":512,"height":512,"caption":"L\u00b4\u00e9l\u00e9phant"},"image":{"@id":"https:\/\/lelephant.pt\/#\/schema\/logo\/image\/"},"sameAs":["https:\/\/www.facebook.com\/lelephantinteriors\/","https:\/\/www.instagram.com\/LELEPHANT_INTERIORS\/"]}]}},"_links":{"self":[{"href":"https:\/\/lelephant.pt\/en\/wp-json\/wp\/v2\/pages\/2398","targetHints":{"allow":["GET"]}}],"collection":[{"href":"https:\/\/lelephant.pt\/en\/wp-json\/wp\/v2\/pages"}],"about":[{"href":"https:\/\/lelephant.pt\/en\/wp-json\/wp\/v2\/types\/page"}],"author":[{"embeddable":true,"href":"https:\/\/lelephant.pt\/en\/wp-json\/wp\/v2\/users\/1"}],"replies":[{"embeddable":true,"href":"https:\/\/lelephant.pt\/en\/wp-json\/wp\/v2\/comments?post=2398"}],"version-history":[{"count":0,"href":"https:\/\/lelephant.pt\/en\/wp-json\/wp\/v2\/pages\/2398\/revisions"}],"wp:attachment":[{"href":"https:\/\/lelephant.pt\/en\/wp-json\/wp\/v2\/media?parent=2398"}],"curies":[{"name":"wp","href":"https:\/\/api.w.org\/{rel}","templated":true}]}}